{"id":4358,"date":"2016-06-14T12:49:08","date_gmt":"2016-06-14T10:49:08","guid":{"rendered":"http:\/\/rovinjapartments.info\/travels\/"},"modified":"2018-03-21T08:31:01","modified_gmt":"2018-03-21T07:31:01","slug":"izleti","status":"publish","type":"page","link":"http:\/\/rovinjapartments.info\/hr\/izleti\/","title":{"rendered":"Izleti"},"content":{"rendered":"<div id=\"pl-4358\"  class=\"panel-layout\" ><div id=\"pg-4358-0\"  class=\"panel-grid panel-has-style\" ><div class=\"panel-row-style panel-row-style-for-4358-0\" ><div id=\"pgc-4358-0-0\"  class=\"panel-grid-cell\" ><div id=\"panel-4358-0-0-0\" class=\"so-panel widget widget_pw_portfolio_grid widget-portfolio-grid panel-first-child panel-last-child\" data-index=\"0\" >\t\t\t\t\t<div class=\"portfolio-grid  portfolio-grid--grid\" data-type=\"grid\">\n\t\t\t\t\t\t\t\t\t<nav class=\"portfolio-grid__header\">\n\t\t\t\t\t<a href=\"#\" class=\"portfolio-grid__mobile-filter  js-filter  btn  btn-primary  btn-sm  hidden-lg-up\">\n\t\t\t\t\t\t<span class=\"fa  fa-filter\"><\/span> &nbsp;\n\t\t\t\t\t\tFILTER\t\t\t\t\t<\/a>\n\n\t\t\t\t\t\n\t\t\t\t\t<ul class=\"portfolio-grid__nav  js-wpg-nav-holder\">\n\t\t\t\t\t\t<li class=\"portfolio-grid__nav-item  is-active\" >\n\t\t\t\t\t\t\t<a href=\"#widget-0-0-0-all\" data-category=\"*\" class=\"portfolio-grid__nav-link  js-wpg-nav\">Sva<\/a>\n\t\t\t\t\t\t<\/li>\n\t\t\t\t\t\t\t\t\t\t\t\t\t<li class=\"portfolio-grid__nav-item\">\n\t\t\t\t\t\t\t\t<a href=\"#widget-0-0-0-istra\" data-category=\"istria-hr\" class=\"portfolio-grid__nav-link  js-wpg-nav\">ISTRA<\/a>\n\t\t\t\t\t\t\t<\/li>\n\t\t\t\t\t\t\t\t\t\t\t\t\t<li class=\"portfolio-grid__nav-item\">\n\t\t\t\t\t\t\t\t<a href=\"#widget-0-0-0-nacionalni-parkovi\" data-category=\"national-parks-hr\" class=\"portfolio-grid__nav-link  js-wpg-nav\">NACIONALNI PARKOVI<\/a>\n\t\t\t\t\t\t\t<\/li>\n\t\t\t\t\t\t\t\t\t\t\t\t\t<li class=\"portfolio-grid__nav-item\">\n\t\t\t\t\t\t\t\t<a href=\"#widget-0-0-0-inozemstvo\" data-category=\"abroad-hr\" class=\"portfolio-grid__nav-link  js-wpg-nav\">INOZEMSTVO<\/a>\n\t\t\t\t\t\t\t<\/li>\n\t\t\t\t\t\t\t\t\t\t\t\t\t<li class=\"portfolio-grid__nav-item\">\n\t\t\t\t\t\t\t\t<a href=\"#widget-0-0-0-otoci\" data-category=\"islands-hr\" class=\"portfolio-grid__nav-link  js-wpg-nav\">OTOCI<\/a>\n\t\t\t\t\t\t\t<\/li>\n\t\t\t\t\t\t\t\t\t\t\t<\/ul>\n\t\t\t\t<\/nav>\n\t\t\t\t\t\t\t\t\t<div class=\"js-wpg-items\">\n\t\t\t\t\t\t\t<div class=\"row\">\n\t\t\t\t\t\t\t\t\t\t<div class=\"col-xs-12  col-sm-6  col-lg-3  js-wpg-item\" data-categories=\"istria-hr\">\n\t\t\t\t<a class=\"card  portfolio-grid__card  js-wpg-card\" href=\"http:\/\/rovinjapartments.info\/hr\/travels\/istra-tour\/\">\n\t\t\t\t\t<img width=\"352\" height=\"198\" src=\"http:\/\/rovinjapartments.info\/wp-content\/uploads\/2016\/06\/motovun-352x198.jpg\" class=\"card-img-top  portfolio-grid__card-img wp-post-image\" alt=\"\" loading=\"lazy\" srcset=\"http:\/\/rovinjapartments.info\/wp-content\/uploads\/2016\/06\/motovun-352x198.jpg 352w, http:\/\/rovinjapartments.info\/wp-content\/uploads\/2016\/06\/motovun-360x204.jpg 360w\" sizes=\"(max-width: 352px) 100vw, 352px\" \/>\t\t\t\t\t<div class=\"card-block  portfolio-grid__card-block\">\n\t\t\t\t\t\t\t\t\t\t\t\t<h5 class=\"card-title  portfolio-grid__card-title\">Istra Tour<\/h5>\n\t\t\t\t\t\t\t\t\t\t\t\t\t<div class=\"portfolio-grid__card-items\">\n\t\t\t\t\t\t\t\t\t\t\t\t\t\t\t\t\t<p class=\"portfolio-grid__card-item\">\n\t\t\t\t\t\t\t\t\t\t<i class=\"fa  fa-map-marker\"><\/i>\n\t\t\t\t\t\t\t\t\t\tRovinj\t\t\t\t\t\t\t\t\t<\/p>\n\t\t\t\t\t\t\t\t\t\t\t\t\t\t\t<\/div>\n\t\t\t\t\t\t\t\t\t\t\t<\/div>\n\t\t\t\t<\/a>\n\t\t\t<\/div>\n\t\t\t\t\t\t<div class=\"col-xs-12  col-sm-6  col-lg-3  js-wpg-item\" data-categories=\"abroad-hr\">\n\t\t\t\t<a class=\"card  portfolio-grid__card  js-wpg-card\" href=\"http:\/\/rovinjapartments.info\/hr\/travels\/venecija\/\">\n\t\t\t\t\t<img width=\"352\" height=\"198\" src=\"http:\/\/rovinjapartments.info\/wp-content\/uploads\/2018\/01\/venecija-izlet-352x198.jpg\" class=\"card-img-top  portfolio-grid__card-img wp-post-image\" alt=\"\" loading=\"lazy\" srcset=\"http:\/\/rovinjapartments.info\/wp-content\/uploads\/2018\/01\/venecija-izlet-352x198.jpg 352w, http:\/\/rovinjapartments.info\/wp-content\/uploads\/2018\/01\/venecija-izlet-360x204.jpg 360w\" sizes=\"(max-width: 352px) 100vw, 352px\" \/>\t\t\t\t\t<div class=\"card-block  portfolio-grid__card-block\">\n\t\t\t\t\t\t\t\t\t\t\t\t<h5 class=\"card-title  portfolio-grid__card-title\">Venecija<\/h5>\n\t\t\t\t\t\t\t\t\t\t\t\t\t<div class=\"portfolio-grid__card-items\">\n\t\t\t\t\t\t\t\t\t\t\t\t\t\t\t\t\t<p class=\"portfolio-grid__card-item\">\n\t\t\t\t\t\t\t\t\t\t<i class=\"fa  fa-map-marker\"><\/i>\n\t\t\t\t\t\t\t\t\t\tRovinj\t\t\t\t\t\t\t\t\t<\/p>\n\t\t\t\t\t\t\t\t\t\t\t\t\t\t\t<\/div>\n\t\t\t\t\t\t\t\t\t\t\t<\/div>\n\t\t\t\t<\/a>\n\t\t\t<\/div>\n\t\t\t\t\t\t<div class=\"col-xs-12  col-sm-6  col-lg-3  js-wpg-item\" data-categories=\"national-parks-hr\">\n\t\t\t\t<a class=\"card  portfolio-grid__card  js-wpg-card\" href=\"http:\/\/rovinjapartments.info\/hr\/travels\/plitvicka-jezera\/\">\n\t\t\t\t\t<img width=\"352\" height=\"198\" src=\"http:\/\/rovinjapartments.info\/wp-content\/uploads\/2018\/01\/plitvicka-jezera-352x198.jpg\" class=\"card-img-top  portfolio-grid__card-img wp-post-image\" alt=\"\" loading=\"lazy\" srcset=\"http:\/\/rovinjapartments.info\/wp-content\/uploads\/2018\/01\/plitvicka-jezera-352x198.jpg 352w, http:\/\/rovinjapartments.info\/wp-content\/uploads\/2018\/01\/plitvicka-jezera-360x204.jpg 360w\" sizes=\"(max-width: 352px) 100vw, 352px\" \/>\t\t\t\t\t<div class=\"card-block  portfolio-grid__card-block\">\n\t\t\t\t\t\t\t\t\t\t\t\t<h5 class=\"card-title  portfolio-grid__card-title\">Plitvi\u010dka jezera<\/h5>\n\t\t\t\t\t\t\t\t\t\t\t\t\t<div class=\"portfolio-grid__card-items\">\n\t\t\t\t\t\t\t\t\t\t\t\t\t\t\t\t\t<p class=\"portfolio-grid__card-item\">\n\t\t\t\t\t\t\t\t\t\t<i class=\"fa  fa-map-marker\"><\/i>\n\t\t\t\t\t\t\t\t\t\tRovinj\t\t\t\t\t\t\t\t\t<\/p>\n\t\t\t\t\t\t\t\t\t\t\t\t\t\t\t<\/div>\n\t\t\t\t\t\t\t\t\t\t\t<\/div>\n\t\t\t\t<\/a>\n\t\t\t<\/div>\n\t\t\t\t\t\t<div class=\"col-xs-12  col-sm-6  col-lg-3  js-wpg-item\" data-categories=\"istria-hr\">\n\t\t\t\t<a class=\"card  portfolio-grid__card  js-wpg-card\" href=\"http:\/\/rovinjapartments.info\/hr\/travels\/pula\/\">\n\t\t\t\t\t<img width=\"352\" height=\"198\" src=\"http:\/\/rovinjapartments.info\/wp-content\/uploads\/2018\/01\/pula-352x198.jpg\" class=\"card-img-top  portfolio-grid__card-img wp-post-image\" alt=\"\" loading=\"lazy\" srcset=\"http:\/\/rovinjapartments.info\/wp-content\/uploads\/2018\/01\/pula-352x198.jpg 352w, http:\/\/rovinjapartments.info\/wp-content\/uploads\/2018\/01\/pula-360x204.jpg 360w\" sizes=\"(max-width: 352px) 100vw, 352px\" \/>\t\t\t\t\t<div class=\"card-block  portfolio-grid__card-block\">\n\t\t\t\t\t\t\t\t\t\t\t\t<h5 class=\"card-title  portfolio-grid__card-title\">Pula<\/h5>\n\t\t\t\t\t\t\t\t\t\t\t\t\t<div class=\"portfolio-grid__card-items\">\n\t\t\t\t\t\t\t\t\t\t\t\t\t\t\t\t\t<p class=\"portfolio-grid__card-item\">\n\t\t\t\t\t\t\t\t\t\t<i class=\"fa  fa-map-marker\"><\/i>\n\t\t\t\t\t\t\t\t\t\tRovinj\t\t\t\t\t\t\t\t\t<\/p>\n\t\t\t\t\t\t\t\t\t\t\t\t\t\t\t<\/div>\n\t\t\t\t\t\t\t\t\t\t\t<\/div>\n\t\t\t\t<\/a>\n\t\t\t<\/div>\n\t\t\t<\/div><div class=\"row\">\t\t\t<div class=\"col-xs-12  col-sm-6  col-lg-3  js-wpg-item\" data-categories=\"istria-hr,national-parks-hr,islands-hr\">\n\t\t\t\t<a class=\"card  portfolio-grid__card  js-wpg-card\" href=\"http:\/\/rovinjapartments.info\/hr\/travels\/brijunsko-otocje\/\">\n\t\t\t\t\t<img width=\"352\" height=\"198\" src=\"http:\/\/rovinjapartments.info\/wp-content\/uploads\/2018\/01\/Brijuni-panorama-352x198.jpg\" class=\"card-img-top  portfolio-grid__card-img wp-post-image\" alt=\"\" loading=\"lazy\" srcset=\"http:\/\/rovinjapartments.info\/wp-content\/uploads\/2018\/01\/Brijuni-panorama-352x198.jpg 352w, http:\/\/rovinjapartments.info\/wp-content\/uploads\/2018\/01\/Brijuni-panorama-360x204.jpg 360w\" sizes=\"(max-width: 352px) 100vw, 352px\" \/>\t\t\t\t\t<div class=\"card-block  portfolio-grid__card-block\">\n\t\t\t\t\t\t\t\t\t\t\t\t<h5 class=\"card-title  portfolio-grid__card-title\">Brijunsko oto\u010dje<\/h5>\n\t\t\t\t\t\t\t\t\t\t\t\t\t<div class=\"portfolio-grid__card-items\">\n\t\t\t\t\t\t\t\t\t\t\t\t\t\t\t\t\t<p class=\"portfolio-grid__card-item\">\n\t\t\t\t\t\t\t\t\t\t<i class=\"fa  fa-map-marker\"><\/i>\n\t\t\t\t\t\t\t\t\t\tRovinj\t\t\t\t\t\t\t\t\t<\/p>\n\t\t\t\t\t\t\t\t\t\t\t\t\t\t\t<\/div>\n\t\t\t\t\t\t\t\t\t\t\t<\/div>\n\t\t\t\t<\/a>\n\t\t\t<\/div>\n\t\t\t\t\t\t<div class=\"col-xs-12  col-sm-6  col-lg-3  js-wpg-item\" data-categories=\"abroad-hr\">\n\t\t\t\t<a class=\"card  portfolio-grid__card  js-wpg-card\" href=\"http:\/\/rovinjapartments.info\/hr\/travels\/postojnska-jama\/\">\n\t\t\t\t\t<img width=\"352\" height=\"198\" src=\"http:\/\/rovinjapartments.info\/wp-content\/uploads\/2018\/03\/caves-features-352x198.jpg\" class=\"card-img-top  portfolio-grid__card-img wp-post-image\" alt=\"\" loading=\"lazy\" srcset=\"http:\/\/rovinjapartments.info\/wp-content\/uploads\/2018\/03\/caves-features-352x198.jpg 352w, http:\/\/rovinjapartments.info\/wp-content\/uploads\/2018\/03\/caves-features-360x204.jpg 360w\" sizes=\"(max-width: 352px) 100vw, 352px\" \/>\t\t\t\t\t<div class=\"card-block  portfolio-grid__card-block\">\n\t\t\t\t\t\t\t\t\t\t\t\t<h5 class=\"card-title  portfolio-grid__card-title\">Postojnska jama<\/h5>\n\t\t\t\t\t\t\t\t\t\t\t\t\t<div class=\"portfolio-grid__card-items\">\n\t\t\t\t\t\t\t\t\t\t\t\t\t\t\t\t\t<p class=\"portfolio-grid__card-item\">\n\t\t\t\t\t\t\t\t\t\t<i class=\"fa  fa-map-marker\"><\/i>\n\t\t\t\t\t\t\t\t\t\tRovinj\t\t\t\t\t\t\t\t\t<\/p>\n\t\t\t\t\t\t\t\t\t\t\t\t\t\t\t<\/div>\n\t\t\t\t\t\t\t\t\t\t\t<\/div>\n\t\t\t\t<\/a>\n\t\t\t<\/div>\n\t\t\t\t\t\t<div class=\"col-xs-12  col-sm-6  col-lg-3  js-wpg-item\" data-categories=\"istria-hr,islands-hr\">\n\t\t\t\t<a class=\"card  portfolio-grid__card  js-wpg-card\" href=\"http:\/\/rovinjapartments.info\/hr\/travels\/panorama-rovinjskih-otoka\/\">\n\t\t\t\t\t<img width=\"352\" height=\"198\" src=\"http:\/\/rovinjapartments.info\/wp-content\/uploads\/2018\/03\/featured-islands-352x198.jpg\" class=\"card-img-top  portfolio-grid__card-img wp-post-image\" alt=\"\" loading=\"lazy\" srcset=\"http:\/\/rovinjapartments.info\/wp-content\/uploads\/2018\/03\/featured-islands-352x198.jpg 352w, http:\/\/rovinjapartments.info\/wp-content\/uploads\/2018\/03\/featured-islands-360x204.jpg 360w\" sizes=\"(max-width: 352px) 100vw, 352px\" \/>\t\t\t\t\t<div class=\"card-block  portfolio-grid__card-block\">\n\t\t\t\t\t\t\t\t\t\t\t\t<h5 class=\"card-title  portfolio-grid__card-title\">Panorama rovinjskih otoka<\/h5>\n\t\t\t\t\t\t\t\t\t\t\t\t\t<div class=\"portfolio-grid__card-items\">\n\t\t\t\t\t\t\t\t\t\t\t\t\t\t\t\t\t<p class=\"portfolio-grid__card-item\">\n\t\t\t\t\t\t\t\t\t\t<i class=\"fa  fa-map-marker\"><\/i>\n\t\t\t\t\t\t\t\t\t\tRovinj\t\t\t\t\t\t\t\t\t<\/p>\n\t\t\t\t\t\t\t\t\t\t\t\t\t\t\t<\/div>\n\t\t\t\t\t\t\t\t\t\t\t<\/div>\n\t\t\t\t<\/a>\n\t\t\t<\/div>\n\t\t\t\t\t\t<div class=\"col-xs-12  col-sm-6  col-lg-3  js-wpg-item\" data-categories=\"istria-hr\">\n\t\t\t\t<a class=\"card  portfolio-grid__card  js-wpg-card\" href=\"http:\/\/rovinjapartments.info\/hr\/travels\/morski-akvarium\/\">\n\t\t\t\t\t<img width=\"352\" height=\"198\" src=\"http:\/\/rovinjapartments.info\/wp-content\/uploads\/2018\/03\/featured-sea-aquarium-352x198.jpg\" class=\"card-img-top  portfolio-grid__card-img wp-post-image\" alt=\"\" loading=\"lazy\" srcset=\"http:\/\/rovinjapartments.info\/wp-content\/uploads\/2018\/03\/featured-sea-aquarium-352x198.jpg 352w, http:\/\/rovinjapartments.info\/wp-content\/uploads\/2018\/03\/featured-sea-aquarium-360x204.jpg 360w\" sizes=\"(max-width: 352px) 100vw, 352px\" \/>\t\t\t\t\t<div class=\"card-block  portfolio-grid__card-block\">\n\t\t\t\t\t\t\t\t\t\t\t\t<h5 class=\"card-title  portfolio-grid__card-title\">Morski akvarium<\/h5>\n\t\t\t\t\t\t\t\t\t\t\t\t\t<div class=\"portfolio-grid__card-items\">\n\t\t\t\t\t\t\t\t\t\t\t\t\t\t\t\t\t<p class=\"portfolio-grid__card-item\">\n\t\t\t\t\t\t\t\t\t\t<i class=\"fa  fa-map-marker\"><\/i>\n\t\t\t\t\t\t\t\t\t\tRovinj\t\t\t\t\t\t\t\t\t<\/p>\n\t\t\t\t\t\t\t\t\t\t\t\t\t\t\t<\/div>\n\t\t\t\t\t\t\t\t\t\t\t<\/div>\n\t\t\t\t<\/a>\n\t\t\t<\/div>\n\t\t\t<\/div><div class=\"row\">\t\t\t<div class=\"col-xs-12  col-sm-6  col-lg-3  js-wpg-item\" data-categories=\"istria-hr\">\n\t\t\t\t<a class=\"card  portfolio-grid__card  js-wpg-card\" href=\"http:\/\/rovinjapartments.info\/hr\/travels\/limski-kanal\/\">\n\t\t\t\t\t<img width=\"352\" height=\"198\" src=\"http:\/\/rovinjapartments.info\/wp-content\/uploads\/2018\/03\/featured-lim-352x198.jpg\" class=\"card-img-top  portfolio-grid__card-img wp-post-image\" alt=\"\" loading=\"lazy\" srcset=\"http:\/\/rovinjapartments.info\/wp-content\/uploads\/2018\/03\/featured-lim-352x198.jpg 352w, http:\/\/rovinjapartments.info\/wp-content\/uploads\/2018\/03\/featured-lim-360x204.jpg 360w\" sizes=\"(max-width: 352px) 100vw, 352px\" \/>\t\t\t\t\t<div class=\"card-block  portfolio-grid__card-block\">\n\t\t\t\t\t\t\t\t\t\t\t\t<h5 class=\"card-title  portfolio-grid__card-title\">Limski kanal<\/h5>\n\t\t\t\t\t\t\t\t\t\t\t\t\t<div class=\"portfolio-grid__card-items\">\n\t\t\t\t\t\t\t\t\t\t\t\t\t\t\t\t\t<p class=\"portfolio-grid__card-item\">\n\t\t\t\t\t\t\t\t\t\t<i class=\"fa  fa-map-marker\"><\/i>\n\t\t\t\t\t\t\t\t\t\tRovinj\t\t\t\t\t\t\t\t\t<\/p>\n\t\t\t\t\t\t\t\t\t\t\t\t\t\t\t<\/div>\n\t\t\t\t\t\t\t\t\t\t\t<\/div>\n\t\t\t\t<\/a>\n\t\t\t<\/div>\n\t\t\t\t\t\t<div class=\"col-xs-12  col-sm-6  col-lg-3  js-wpg-item\" data-categories=\"istria-hr\">\n\t\t\t\t<a class=\"card  portfolio-grid__card  js-wpg-card\" href=\"http:\/\/rovinjapartments.info\/hr\/travels\/porec\/\">\n\t\t\t\t\t<img width=\"352\" height=\"198\" src=\"http:\/\/rovinjapartments.info\/wp-content\/uploads\/2018\/03\/porec-featured-352x198.jpg\" class=\"card-img-top  portfolio-grid__card-img wp-post-image\" alt=\"\" loading=\"lazy\" srcset=\"http:\/\/rovinjapartments.info\/wp-content\/uploads\/2018\/03\/porec-featured-352x198.jpg 352w, http:\/\/rovinjapartments.info\/wp-content\/uploads\/2018\/03\/porec-featured-360x204.jpg 360w\" sizes=\"(max-width: 352px) 100vw, 352px\" \/>\t\t\t\t\t<div class=\"card-block  portfolio-grid__card-block\">\n\t\t\t\t\t\t\t\t\t\t\t\t<h5 class=\"card-title  portfolio-grid__card-title\">Pore\u010d<\/h5>\n\t\t\t\t\t\t\t\t\t\t\t\t\t<div class=\"portfolio-grid__card-items\">\n\t\t\t\t\t\t\t\t\t\t\t\t\t\t\t\t\t<p class=\"portfolio-grid__card-item\">\n\t\t\t\t\t\t\t\t\t\t<i class=\"fa  fa-map-marker\"><\/i>\n\t\t\t\t\t\t\t\t\t\tRovinj\t\t\t\t\t\t\t\t\t<\/p>\n\t\t\t\t\t\t\t\t\t\t\t\t\t\t\t<\/div>\n\t\t\t\t\t\t\t\t\t\t\t<\/div>\n\t\t\t\t<\/a>\n\t\t\t<\/div>\n\t\t\t\t\t\t\t\t\t\t<\/div>\n\t\t\t\t\t\t<\/div>\n\t\t\t\t\t<\/div>\n\t\t\t\t\t<\/div><\/div><\/div><\/div><\/div>","protected":false},"excerpt":{"rendered":"<p>OSTALE PONUDE &nbsp; Brijunsko oto\u010dje Brijunski arhipelag pokriva grupu od 14 otoka i oto\u010di\u0107a od iznimne ljepote. Pro\u010ditajte vi\u0161e Postojnska jama Ovo je izlet za sve ljubitelje prirode i rasnih konja. Obucite sportsku odje\u0107u i obu\u0107u Pro\u010ditajte vi\u0161e<\/p>\n","protected":false},"author":1,"featured_media":0,"parent":0,"menu_order":0,"comment_status":"closed","ping_status":"closed","template":"","meta":[],"_links":{"self":[{"href":"http:\/\/rovinjapartments.info\/hr\/wp-json\/wp\/v2\/pages\/4358"}],"collection":[{"href":"http:\/\/rovinjapartments.info\/hr\/wp-json\/wp\/v2\/pages"}],"about":[{"href":"http:\/\/rovinjapartments.info\/hr\/wp-json\/wp\/v2\/types\/page"}],"author":[{"embeddable":true,"href":"http:\/\/rovinjapartments.info\/hr\/wp-json\/wp\/v2\/users\/1"}],"replies":[{"embeddable":true,"href":"http:\/\/rovinjapartments.info\/hr\/wp-json\/wp\/v2\/comments?post=4358"}],"version-history":[{"count":24,"href":"http:\/\/rovinjapartments.info\/hr\/wp-json\/wp\/v2\/pages\/4358\/revisions"}],"predecessor-version":[{"id":5334,"href":"http:\/\/rovinjapartments.info\/hr\/wp-json\/wp\/v2\/pages\/4358\/revisions\/5334"}],"wp:attachment":[{"href":"http:\/\/rovinjapartments.info\/hr\/wp-json\/wp\/v2\/media?parent=4358"}],"curies":[{"name":"wp","href":"https:\/\/api.w.org\/{rel}","templated":true}]}}