{"id":4594,"date":"2016-05-18T09:20:32","date_gmt":"2016-05-18T07:20:32","guid":{"rendered":"http:\/\/rovinjapartments.info\/contact\/"},"modified":"2019-02-20T11:27:40","modified_gmt":"2019-02-20T10:27:40","slug":"kontakt","status":"publish","type":"page","link":"http:\/\/rovinjapartments.info\/hr\/kontakt\/","title":{"rendered":"Kontakt"},"content":{"rendered":"<div id=\"pl-4594\"  class=\"panel-layout\" ><div id=\"pg-4594-0\"  class=\"panel-grid panel-no-style\" ><div id=\"pgc-4594-0-0\"  class=\"panel-grid-cell\" ><div id=\"panel-4594-0-0-0\" class=\"so-panel widget widget_pw_contact_profile widget-contact-profile panel-first-child panel-last-child\" data-index=\"0\" >\t\t\t\t<div class=\"card  contact-profile\">\n\t\t\t\t\t\t\t\t\t\t\t<img class=\"contact-profile__image  wp-post-image\" src=\"http:\/\/rovinjapartments.info\/wp-content\/uploads\/2018\/02\/elim-travel-agency.jpg\" alt=\"Picture of ROVINJ APARTMENTS\">\n\t\t\t\t\t\t\t\t\t\t<div class=\"card-block  contact-profile__container\">\n\t\t\t\t\t\t\t\t\t\t\t\t\t\t\t\t\t\t\t<h4 class=\"contact-profile__name\">ROVINJ APARTMENTS<\/h4>\n\t\t\t\t\t\t\t\t\t\t\t\t\t\t\t\t\t\t\t<div class=\"contact-profile__items\">\n\t\t\t\t\t\t\t\t\t\t\t\t\t\t\t\t\t<div class=\"contact-profile__item\">\n\t\t\t\t\t\t\t\t\t\t<div class=\"contact-profile__icon\">\n\t\t\t\t\t\t\t\t\t\t\t<i class=\"fa  fa-map-marker\"><\/i>\n\t\t\t\t\t\t\t\t\t\t<\/div>\n\t\t\t\t\t\t\t\t\t\t<p class=\"contact-profile__text\">\n\t\t\t\t\t\t\t\t\t\t\tElim obrt za usluge i turizam Agencija za upravljanje nekretninama i turisti\u010dka agencija Andronella 12a 52210 Rovinj, Istra Republika Hrvatska OIB: 80117128432 MBO: 92791476, Obrtnica br.: 18031201658 Zimsko radno vrijeme uto\/pet 10,00-14,00 pon\/sri\/\u010det\/sub\/nedj zatvoreno Ljetno radno vrijeme pon-nedj 8,00-22,00\t\t\t\t\t\t\t\t\t\t<\/p>\n\t\t\t\t\t\t\t\t\t<\/div>\n\t\t\t\t\t\t\t\t\t\t\t\t\t\t\t\t\t<div class=\"contact-profile__item\">\n\t\t\t\t\t\t\t\t\t\t<div class=\"contact-profile__icon\">\n\t\t\t\t\t\t\t\t\t\t\t<i class=\"fa  fa-phone\"><\/i>\n\t\t\t\t\t\t\t\t\t\t<\/div>\n\t\t\t\t\t\t\t\t\t\t<p class=\"contact-profile__text\">\n\t\t\t\t\t\t\t\t\t\t\t+385 91 786 32 19\t\t\t\t\t\t\t\t\t\t<\/p>\n\t\t\t\t\t\t\t\t\t<\/div>\n\t\t\t\t\t\t\t\t\t\t\t\t\t\t\t\t\t<div class=\"contact-profile__item\">\n\t\t\t\t\t\t\t\t\t\t<div class=\"contact-profile__icon\">\n\t\t\t\t\t\t\t\t\t\t\t<i class=\"fa  fa-envelope-o\"><\/i>\n\t\t\t\t\t\t\t\t\t\t<\/div>\n\t\t\t\t\t\t\t\t\t\t<p class=\"contact-profile__text\">\n\t\t\t\t\t\t\t\t\t\t\tbooking@elim.hr\t\t\t\t\t\t\t\t\t\t<\/p>\n\t\t\t\t\t\t\t\t\t<\/div>\n\t\t\t\t\t\t\t\t\t\t\t\t\t\t\t\t\t<div class=\"contact-profile__item\">\n\t\t\t\t\t\t\t\t\t\t<div class=\"contact-profile__icon\">\n\t\t\t\t\t\t\t\t\t\t\t<i class=\"fa  fa-home\"><\/i>\n\t\t\t\t\t\t\t\t\t\t<\/div>\n\t\t\t\t\t\t\t\t\t\t<p class=\"contact-profile__text\">\n\t\t\t\t\t\t\t\t\t\t\t+385 52 811 573\t\t\t\t\t\t\t\t\t\t<\/p>\n\t\t\t\t\t\t\t\t\t<\/div>\n\t\t\t\t\t\t\t\t\t\t\t\t\t\t\t\t\t<div class=\"contact-profile__item\">\n\t\t\t\t\t\t\t\t\t\t<div class=\"contact-profile__icon\">\n\t\t\t\t\t\t\t\t\t\t\t<i class=\"fa  fa-phone\"><\/i>\n\t\t\t\t\t\t\t\t\t\t<\/div>\n\t\t\t\t\t\t\t\t\t\t<p class=\"contact-profile__text\">\n\t\t\t\t\t\t\t\t\t\t\t+385 98 13 990 17\t\t\t\t\t\t\t\t\t\t<\/p>\n\t\t\t\t\t\t\t\t\t<\/div>\n\t\t\t\t\t\t\t\t\t\t\t\t\t\t\t\t\t<div class=\"contact-profile__item\">\n\t\t\t\t\t\t\t\t\t\t<div class=\"contact-profile__icon\">\n\t\t\t\t\t\t\t\t\t\t\t<i class=\"fa  fa-users\"><\/i>\n\t\t\t\t\t\t\t\t\t\t<\/div>\n\t\t\t\t\t\t\t\t\t\t<p class=\"contact-profile__text\">\n\t\t\t\t\t\t\t\t\t\t\tPo\u0161tovani kupci,  Sukladno \u010dl. 6 t\u010d. 3. Zakona o pru\u017eanju usluga o turizmu (\u201eNarodne novine\u201c br 130\/17) obavje\u0161tavamo Vas da prigovore na kvalitetu na\u0161ih usluga mo\u017eete podnijeti u pisanom obliku u ovim poslovnim  prostorijama, te \u0107e Vam se bez odga\u0111anja pisanim putem biti potvr\u0111en primitak tog prigovora. Prigovor se tako\u0111er mo\u017ee podnijeti putem po\u0161te na adresu:  Elim turisti\u010dka agencija Andronella 12a 52210 Rovinj, Istra Republika Hrvatska  Ili na e-mail adresu: info@elim.hr  Odgovor na pisani prigovor potro\u0161a\u010da dat \u0107emo u pisanom obliku najkasnije 15 dana od dana primitka prigovora.  Zahvaljujemo se na suradnji.  ELIM Agencija za upravljanje nekretninama i turisti\u010dka agencija  Voditelj poslovnice i odgovorna osoba Sanja Jovanovi\u0107 Nadle\u017enost nad Turisti\u010dkom Agencijom vr\u0161i Ministarstvo Turizma, Slu\u017eba Turisti\u010dke inspekcije 10000 Zagreb, Trg Republike Hrvatske 8\/1\t\t\t\t\t\t\t\t\t\t<\/p>\n\t\t\t\t\t\t\t\t\t<\/div>\n\t\t\t\t\t\t\t\t\t\t\t\t\t\t\t<\/div>\n\t\t\t\t\t\t\t\t\t\t\t\t\t\t\t\t\t\t\t<div class=\"contact-profile__social-icons\">\n\t\t\t\t\t\t\t\t\t\t\t\t\t\t\t\t\t<a class=\"contact-profile__social-icon\" href=\"\" target=\"_self\"><i class=\"fa  fa-facebook\"><\/i><\/a>\n\t\t\t\t\t\t\t\t\t\t\t\t\t\t\t\t\t<a class=\"contact-profile__social-icon\" href=\"\" target=\"_self\"><i class=\"fa  fa-twitter\"><\/i><\/a>\n\t\t\t\t\t\t\t\t\t\t\t\t\t\t\t\t\t<a class=\"contact-profile__social-icon\" href=\"\" target=\"_self\"><i class=\"fa  fa-youtube\"><\/i><\/a>\n\t\t\t\t\t\t\t\t\t\t\t\t\t\t\t<\/div>\n\t\t\t\t\t\t\t\t\t\t\t<\/div>\n\t\t\t\t<\/div>\n\n\t\t\t<\/div><\/div><div id=\"pgc-4594-0-1\"  class=\"panel-grid-cell\" ><div id=\"panel-4594-0-1-0\" class=\"so-panel widget widget_sow-editor panel-first-child\" data-index=\"1\" ><div class=\"so-widget-sow-editor so-widget-sow-editor-base\">\n<div class=\"siteorigin-widget-tinymce textwidget\">\n\t<h4 style=\"text-align: left;\">NAPI\u0160ITE NAM PORUKU<\/h4>\n<\/div>\n<\/div><\/div><div id=\"panel-4594-0-1-1\" class=\"so-panel widget widget_sow-editor panel-last-child\" data-index=\"2\" ><div class=\"so-widget-sow-editor so-widget-sow-editor-base\">\n<div class=\"siteorigin-widget-tinymce textwidget\">\n\t<div role=\"form\" class=\"wpcf7\" id=\"wpcf7-f4697-o1\" lang=\"en-US\" dir=\"ltr\">\n<div class=\"screen-reader-response\"><\/div>\n<form action=\"\/hr\/wp-json\/wp\/v2\/pages\/4594#wpcf7-f4697-o1\" method=\"post\" class=\"wpcf7-form\" novalidate=\"novalidate\">\n<div style=\"display: none;\">\n<input type=\"hidden\" name=\"_wpcf7\" value=\"4697\" \/><br \/>\n<input type=\"hidden\" name=\"_wpcf7_version\" value=\"5.0.3\" \/><br \/>\n<input type=\"hidden\" name=\"_wpcf7_locale\" value=\"en_US\" \/><br \/>\n<input type=\"hidden\" name=\"_wpcf7_unit_tag\" value=\"wpcf7-f4697-o1\" \/><br \/>\n<input type=\"hidden\" name=\"_wpcf7_container_post\" value=\"0\" \/>\n<\/div>\n<div class=\"row\">\n<div class=\"col-xs-12  col-lg-6\">\n    <span class=\"wpcf7-form-control-wrap your-name\"><input type=\"text\" name=\"your-name\" value=\"\" size=\"40\" class=\"wpcf7-form-control wpcf7-text wpcf7-validates-as-required form-control\" aria-required=\"true\" aria-invalid=\"false\" placeholder=\"Va\u0161e ime\" \/><\/span>\n  <\/div>\n<div class=\"col-xs-12  col-lg-6\">\n    <span class=\"wpcf7-form-control-wrap your-last-name\"><input type=\"text\" name=\"your-last-name\" value=\"\" size=\"40\" class=\"wpcf7-form-control wpcf7-text wpcf7-validates-as-required form-control\" aria-required=\"true\" aria-invalid=\"false\" placeholder=\"Va\u0161e prezime\" \/><\/span>\n  <\/div>\n<div class=\"col-xs-12  col-lg-6\">\n    <span class=\"wpcf7-form-control-wrap your-email\"><input type=\"email\" name=\"your-email\" value=\"\" size=\"40\" class=\"wpcf7-form-control wpcf7-text wpcf7-email wpcf7-validates-as-required wpcf7-validates-as-email form-control\" aria-required=\"true\" aria-invalid=\"false\" placeholder=\"E-mail*\" \/><\/span>\n  <\/div>\n<div class=\"col-xs-12  col-lg-6\">\n    <span class=\"wpcf7-form-control-wrap your-subject\"><input type=\"text\" name=\"your-subject\" value=\"\" size=\"40\" class=\"wpcf7-form-control wpcf7-text form-control\" aria-invalid=\"false\" placeholder=\"Naslov*\" \/><\/span>\n  <\/div>\n<div class=\"col-xs-12\">\n    <span class=\"wpcf7-form-control-wrap your-message\"><textarea name=\"your-message\" cols=\"40\" rows=\"10\" class=\"wpcf7-form-control wpcf7-textarea form-control\" aria-invalid=\"false\" placeholder=\"Poruka*\"><\/textarea><\/span><\/p>\n<div class=\"col-xs-12  col-lg-6\">\n<div class=\"wpcf7-notice\">Polja ozna\u010dena s * su obavezna.<\/div>\n<\/p>\n<\/div>\n<div class=\"col-xs-12  col-lg-6\">\n<div class=\"recaptcha\">*Potvrdite da znamo da ste \u010dovjek a ne robot<\/div>\n<div class=\"wpcf7-form-control-wrap\">\n<div data-sitekey=\"6LeQbEsUAAAAAMqogCItmcV-YmjmUz5Jc3hXARkh\" class=\"wpcf7-form-control g-recaptcha wpcf7-recaptcha\"><\/div>\n<p><noscript><\/p>\n<div style=\"width: 302px; height: 422px;\">\n<div style=\"width: 302px; height: 422px; position: relative;\">\n<div style=\"width: 302px; height: 422px; position: absolute;\">\n\t\t\t\t<iframe src=\"https:\/\/www.google.com\/recaptcha\/api\/fallback?k=6LeQbEsUAAAAAMqogCItmcV-YmjmUz5Jc3hXARkh\" frameborder=\"0\" scrolling=\"no\" style=\"width: 302px; height:422px; border-style: none;\"><br \/>\n\t\t\t\t<\/iframe>\n\t\t\t<\/div>\n<div style=\"width: 300px; height: 60px; border-style: none; bottom: 12px; left: 25px; margin: 0px; padding: 0px; right: 25px; background: #f9f9f9; border: 1px solid #c1c1c1; border-radius: 3px;\">\n\t\t\t\t<textarea id=\"g-recaptcha-response\" name=\"g-recaptcha-response\" class=\"g-recaptcha-response\" style=\"width: 250px; height: 40px; border: 1px solid #c1c1c1; margin: 10px 25px; padding: 0px; resize: none;\"><br \/>\n\t\t\t\t<\/textarea>\n\t\t\t<\/div>\n<\/p><\/div>\n<\/p><\/div>\n<p><\/noscript>\n<\/div>\n<p>    <input type=\"submit\" value=\"PO\u0160ALJI PORUKU\" class=\"wpcf7-form-control wpcf7-submit btn btn-primary\" \/>\n    <\/p>\n<\/div>\n<\/div>\n<\/div>\n<div class=\"wpcf7-response-output wpcf7-display-none\"><\/div>\n<\/form>\n<\/div>\n<\/div>\n<\/div><\/div><\/div><\/div><div id=\"pg-4594-1\"  class=\"panel-grid panel-no-style\" ><div id=\"pgc-4594-1-0\"  class=\"panel-grid-cell\" ><div id=\"panel-4594-1-0-0\" class=\"so-panel widget widget_sow-google-map panel-first-child panel-last-child\" data-index=\"3\" ><div class=\"so-widget-sow-google-map so-widget-sow-google-map-base\">\n<div class=\"sow-google-map-canvas\"\n     style=\"height:300px;\"\n     id=\"map-canvas-ca264db47bef057c8857ab1075cba3dc\"\n     data-options=\"{&quot;address&quot;:&quot;Andronella 12a, 52210 Rovinj&quot;,&quot;zoom&quot;:11,&quot;scrollZoom&quot;:false,&quot;draggable&quot;:true,&quot;disableUi&quot;:false,&quot;keepCentered&quot;:false,&quot;markerIcon&quot;:&quot;&quot;,&quot;markersDraggable&quot;:false,&quot;markerAtCenter&quot;:true,&quot;markerInfoDisplay&quot;:&quot;click&quot;,&quot;markerInfoMultiple&quot;:true,&quot;markerPositions&quot;:[{&quot;place&quot;:&quot;Rovinj, Croatia&quot;,&quot;info&quot;:&quot;&quot;,&quot;info_selected_editor&quot;:&quot;tinymce&quot;,&quot;info_max_width&quot;:&quot;&quot;,&quot;custom_marker_icon&quot;:0}],&quot;mapName&quot;:&quot;&quot;,&quot;mapStyles&quot;:&quot;&quot;,&quot;directions&quot;:&quot;&quot;,&quot;apiKey&quot;:&quot;AIzaSyCXPDrws_FAeHdFbF4wvA1T4yRbUrjKPHY&quot;}\"\n     data-fallback-image=\"{&quot;img&quot;:&quot;&quot;}\"><\/div>\n<\/div><\/div><\/div><\/div><\/div>","protected":false},"excerpt":{"rendered":"<p>ROVINJ APARTMENTS Elim obrt za usluge i turizam Agencija za upravljanje nekretninama i turisti\u010dka agencija Andronella 12a 52210 Rovinj, Istra Republika Hrvatska OIB: 80117128432 MBO: 92791476, Obrtnica br.: 18031201658 Zimsko radno vrijeme uto\/pet 10,00-14,00 pon\/sri\/\u010det\/sub\/nedj zatvoreno Ljetno radno vrijeme pon-nedj 8,00-22,00 +385 91 786 32 19 booking@elim.hr +385 52 811 573 +385 98 13 990 &hellip;<\/p>\n","protected":false},"author":1,"featured_media":0,"parent":0,"menu_order":0,"comment_status":"closed","ping_status":"closed","template":"","meta":[],"_links":{"self":[{"href":"http:\/\/rovinjapartments.info\/hr\/wp-json\/wp\/v2\/pages\/4594"}],"collection":[{"href":"http:\/\/rovinjapartments.info\/hr\/wp-json\/wp\/v2\/pages"}],"about":[{"href":"http:\/\/rovinjapartments.info\/hr\/wp-json\/wp\/v2\/types\/page"}],"author":[{"embeddable":true,"href":"http:\/\/rovinjapartments.info\/hr\/wp-json\/wp\/v2\/users\/1"}],"replies":[{"embeddable":true,"href":"http:\/\/rovinjapartments.info\/hr\/wp-json\/wp\/v2\/comments?post=4594"}],"version-history":[{"count":16,"href":"http:\/\/rovinjapartments.info\/hr\/wp-json\/wp\/v2\/pages\/4594\/revisions"}],"predecessor-version":[{"id":5845,"href":"http:\/\/rovinjapartments.info\/hr\/wp-json\/wp\/v2\/pages\/4594\/revisions\/5845"}],"wp:attachment":[{"href":"http:\/\/rovinjapartments.info\/hr\/wp-json\/wp\/v2\/media?parent=4594"}],"curies":[{"name":"wp","href":"https:\/\/api.w.org\/{rel}","templated":true}]}}