{"id":4872,"date":"2018-02-07T18:19:21","date_gmt":"2018-02-07T17:19:21","guid":{"rendered":"http:\/\/rovinjapartments.info\/how-to-find-us\/how-to-get-to-elim-agency-from-the-pier\/"},"modified":"2018-03-12T17:00:47","modified_gmt":"2018-03-12T16:00:47","slug":"kako-doci-do-elim-agencije-od-velikog-mola","status":"publish","type":"page","link":"http:\/\/rovinjapartments.info\/hr\/kako-do-nas\/kako-doci-do-elim-agencije-od-velikog-mola\/","title":{"rendered":"KAKO DO\u0106I DO ELIM AGENCIJE OD VELIKOG MOLA"},"content":{"rendered":"<div id=\"pl-4872\"  class=\"panel-layout\" ><div id=\"pg-4872-0\"  class=\"panel-grid panel-has-style\" ><div class=\"siteorigin-panels-stretch panel-row-style panel-row-style-for-4872-0\" data-stretch-type=\"full\" ><div id=\"pgc-4872-0-0\"  class=\"panel-grid-cell\" ><div id=\"panel-4872-0-0-0\" class=\"so-panel widget widget_sow-image panel-first-child panel-last-child\" data-index=\"0\" ><div class=\"so-widget-sow-image so-widget-sow-image-default-b37b538aacbf\">\n\n<div class=\"sow-image-container\">\n\t<img src=\"http:\/\/rovinjapartments.info\/wp-content\/uploads\/2018\/03\/mol1.jpeg\" width=\"800\" height=\"600\" srcset=\"http:\/\/rovinjapartments.info\/wp-content\/uploads\/2018\/03\/mol1.jpeg 800w, http:\/\/rovinjapartments.info\/wp-content\/uploads\/2018\/03\/mol1-300x225.jpeg 300w, http:\/\/rovinjapartments.info\/wp-content\/uploads\/2018\/03\/mol1-768x576.jpeg 768w, http:\/\/rovinjapartments.info\/wp-content\/uploads\/2018\/03\/mol1-540x405.jpeg 540w\" sizes=\"(max-width: 800px) 100vw, 800px\" \t\tclass=\"so-widget-image\"\/>\n<\/div>\n\n<\/div><\/div><\/div><div id=\"pgc-4872-0-1\"  class=\"panel-grid-cell\" ><div id=\"panel-4872-0-1-0\" class=\"so-panel widget widget_sow-editor panel-first-child panel-last-child\" data-index=\"1\" ><div class=\"panel-widget-style panel-widget-style-for-4872-0-1-0\" ><div class=\"so-widget-sow-editor so-widget-sow-editor-base\">\n<div class=\"siteorigin-widget-tinymce textwidget\">\n\t<span style=\"font-weight: 400;\">Kada si\u0111ete s broda, idite prema kraju mola. Kada do\u0111ete do kraja mola, idite desno ulicom otprilike 30 metara (vidi sliku). <\/span><\/div>\n<\/div><\/div><\/div><\/div><\/div><\/div><div id=\"pg-4872-1\"  class=\"panel-grid panel-has-style\" ><div class=\"siteorigin-panels-stretch panel-row-style panel-row-style-for-4872-1\" data-stretch-type=\"full\" ><div id=\"pgc-4872-1-0\"  class=\"panel-grid-cell\" ><div id=\"panel-4872-1-0-0\" class=\"so-panel widget widget_sow-image panel-first-child panel-last-child\" data-index=\"2\" ><div class=\"so-widget-sow-image so-widget-sow-image-default-bd5cd9da0588\">\n\n<div class=\"sow-image-container\">\n\t<img src=\"http:\/\/rovinjapartments.info\/wp-content\/uploads\/2018\/03\/mol2.jpeg\" width=\"800\" height=\"600\" srcset=\"http:\/\/rovinjapartments.info\/wp-content\/uploads\/2018\/03\/mol2.jpeg 800w, http:\/\/rovinjapartments.info\/wp-content\/uploads\/2018\/03\/mol2-300x225.jpeg 300w, http:\/\/rovinjapartments.info\/wp-content\/uploads\/2018\/03\/mol2-768x576.jpeg 768w, http:\/\/rovinjapartments.info\/wp-content\/uploads\/2018\/03\/mol2-540x405.jpeg 540w\" sizes=\"(max-width: 800px) 100vw, 800px\" \t\tclass=\"so-widget-image\"\/>\n<\/div>\n\n<\/div><\/div><\/div><div id=\"pgc-4872-1-1\"  class=\"panel-grid-cell\" ><div id=\"panel-4872-1-1-0\" class=\"so-panel widget widget_sow-editor panel-first-child panel-last-child\" data-index=\"3\" ><div class=\"panel-widget-style panel-widget-style-for-4872-1-1-0\" ><div class=\"so-widget-sow-editor so-widget-sow-editor-base\">\n<div class=\"siteorigin-widget-tinymce textwidget\">\n\t<span style=\"font-weight: 400;\">Pro\u0107i \u0107ete pored restorana \"Scuba\" i \"El.Ni.Ro.\" sa va\u0161e lijeve strane. Odmah nakon restorana, vidjet \u0107ete Turisti\u010dku zajednicu Rovinja i restoran \"Porta Antica\" (vidi sliku).<\/span><\/div>\n<\/div><\/div><\/div><\/div><\/div><\/div><div id=\"pg-4872-2\"  class=\"panel-grid panel-has-style\" ><div class=\"siteorigin-panels-stretch panel-row-style panel-row-style-for-4872-2\" data-stretch-type=\"full\" ><div id=\"pgc-4872-2-0\"  class=\"panel-grid-cell\" ><div id=\"panel-4872-2-0-0\" class=\"so-panel widget widget_sow-image panel-first-child\" data-index=\"4\" ><div class=\"so-widget-sow-image so-widget-sow-image-default-bd5cd9da0588\">\n\n<div class=\"sow-image-container\">\n\t<img src=\"http:\/\/rovinjapartments.info\/wp-content\/uploads\/2018\/03\/mol3.jpeg\" width=\"600\" height=\"800\" srcset=\"http:\/\/rovinjapartments.info\/wp-content\/uploads\/2018\/03\/mol3.jpeg 600w, http:\/\/rovinjapartments.info\/wp-content\/uploads\/2018\/03\/mol3-225x300.jpeg 225w, http:\/\/rovinjapartments.info\/wp-content\/uploads\/2018\/03\/mol3-405x540.jpeg 405w\" sizes=\"(max-width: 600px) 100vw, 600px\" \t\tclass=\"so-widget-image\"\/>\n<\/div>\n\n<\/div><\/div><div id=\"panel-4872-2-0-1\" class=\"so-panel widget widget_sow-image\" data-index=\"5\" ><div class=\"so-widget-sow-image so-widget-sow-image-default-bd5cd9da0588\">\n\n<div class=\"sow-image-container\">\n\t<img src=\"http:\/\/rovinjapartments.info\/wp-content\/uploads\/2018\/03\/mol4.jpeg\" width=\"600\" height=\"800\" srcset=\"http:\/\/rovinjapartments.info\/wp-content\/uploads\/2018\/03\/mol4.jpeg 600w, http:\/\/rovinjapartments.info\/wp-content\/uploads\/2018\/03\/mol4-225x300.jpeg 225w, http:\/\/rovinjapartments.info\/wp-content\/uploads\/2018\/03\/mol4-405x540.jpeg 405w\" sizes=\"(max-width: 600px) 100vw, 600px\" \t\tclass=\"so-widget-image\"\/>\n<\/div>\n\n<\/div><\/div><div id=\"panel-4872-2-0-2\" class=\"so-panel widget widget_sow-image panel-last-child\" data-index=\"6\" ><div class=\"so-widget-sow-image so-widget-sow-image-default-bd5cd9da0588\">\n\n<div class=\"sow-image-container\">\n\t<img src=\"http:\/\/rovinjapartments.info\/wp-content\/uploads\/2018\/03\/mol5.jpeg\" width=\"800\" height=\"600\" srcset=\"http:\/\/rovinjapartments.info\/wp-content\/uploads\/2018\/03\/mol5.jpeg 800w, http:\/\/rovinjapartments.info\/wp-content\/uploads\/2018\/03\/mol5-300x225.jpeg 300w, http:\/\/rovinjapartments.info\/wp-content\/uploads\/2018\/03\/mol5-768x576.jpeg 768w, http:\/\/rovinjapartments.info\/wp-content\/uploads\/2018\/03\/mol5-540x405.jpeg 540w\" sizes=\"(max-width: 800px) 100vw, 800px\" \t\tclass=\"so-widget-image\"\/>\n<\/div>\n\n<\/div><\/div><\/div><div id=\"pgc-4872-2-1\"  class=\"panel-grid-cell\" ><div id=\"panel-4872-2-1-0\" class=\"so-panel widget widget_sow-editor panel-first-child panel-last-child\" data-index=\"7\" ><div class=\"so-widget-sow-editor so-widget-sow-editor-base\">\n<div class=\"siteorigin-widget-tinymce textwidget\">\n\t&nbsp;\n\n&nbsp;\n\n&nbsp;\n\n&nbsp;\n\nPrije restorana \"Porta Antica\" vidjet \u0107ete stubi\u0161te sa lijeve strane. Uspnite se stepenicama te idite ravno dok ne do\u0111ete do drugih stepenica s lijeve strane. Popnite se stepenicama i s desne strane vidjet \u0107ete restoran \"Balbi\" (vidi sliku).<\/div>\n<\/div><\/div><\/div><\/div><\/div><div id=\"pg-4872-3\"  class=\"panel-grid panel-has-style\" ><div class=\"siteorigin-panels-stretch panel-row-style panel-row-style-for-4872-3\" data-stretch-type=\"full\" ><div id=\"pgc-4872-3-0\"  class=\"panel-grid-cell\" ><div id=\"panel-4872-3-0-0\" class=\"so-panel widget widget_sow-image panel-first-child\" data-index=\"8\" ><div class=\"so-widget-sow-image so-widget-sow-image-default-bd5cd9da0588\">\n\n<div class=\"sow-image-container\">\n\t<img src=\"http:\/\/rovinjapartments.info\/wp-content\/uploads\/2018\/03\/mol6.jpg\" width=\"800\" height=\"600\" srcset=\"http:\/\/rovinjapartments.info\/wp-content\/uploads\/2018\/03\/mol6.jpg 800w, http:\/\/rovinjapartments.info\/wp-content\/uploads\/2018\/03\/mol6-300x225.jpg 300w, http:\/\/rovinjapartments.info\/wp-content\/uploads\/2018\/03\/mol6-768x576.jpg 768w, http:\/\/rovinjapartments.info\/wp-content\/uploads\/2018\/03\/mol6-540x405.jpg 540w\" sizes=\"(max-width: 800px) 100vw, 800px\" \t\tclass=\"so-widget-image\"\/>\n<\/div>\n\n<\/div><\/div><div id=\"panel-4872-3-0-1\" class=\"so-panel widget widget_sow-image panel-last-child\" data-index=\"9\" ><div class=\"so-widget-sow-image so-widget-sow-image-default-bd5cd9da0588\">\n\n<div class=\"sow-image-container\">\n\t<img src=\"http:\/\/rovinjapartments.info\/wp-content\/uploads\/2018\/03\/mol7.jpeg\" width=\"600\" height=\"800\" srcset=\"http:\/\/rovinjapartments.info\/wp-content\/uploads\/2018\/03\/mol7.jpeg 600w, http:\/\/rovinjapartments.info\/wp-content\/uploads\/2018\/03\/mol7-225x300.jpeg 225w, http:\/\/rovinjapartments.info\/wp-content\/uploads\/2018\/03\/mol7-405x540.jpeg 405w\" sizes=\"(max-width: 600px) 100vw, 600px\" \t\tclass=\"so-widget-image\"\/>\n<\/div>\n\n<\/div><\/div><\/div><div id=\"pgc-4872-3-1\"  class=\"panel-grid-cell\" ><div id=\"panel-4872-3-1-0\" class=\"so-panel widget widget_sow-editor panel-first-child panel-last-child\" data-index=\"10\" ><div class=\"so-widget-sow-editor so-widget-sow-editor-base\">\n<div class=\"siteorigin-widget-tinymce textwidget\">\n\t<span style=\"font-weight: 400;\">Kada do\u0111ete do kraja terase restorana \"Balbi\", idite lijevo u ulicu Grisia. Sti\u0107i \u0107ete do restorana \"Adria\" s lijeve strane (vidi sliku).<\/span><\/div>\n<\/div><\/div><\/div><\/div><\/div><div id=\"pg-4872-4\"  class=\"panel-grid panel-has-style\" ><div class=\"siteorigin-panels-stretch panel-row-style panel-row-style-for-4872-4\" data-stretch-type=\"full\" ><div id=\"pgc-4872-4-0\"  class=\"panel-grid-cell\" ><div id=\"panel-4872-4-0-0\" class=\"so-panel widget widget_sow-image panel-first-child\" data-index=\"11\" ><div class=\"so-widget-sow-image so-widget-sow-image-default-bd5cd9da0588\">\n\n<div class=\"sow-image-container\">\n\t<img src=\"http:\/\/rovinjapartments.info\/wp-content\/uploads\/2018\/03\/mol8.jpg\" width=\"800\" height=\"600\" srcset=\"http:\/\/rovinjapartments.info\/wp-content\/uploads\/2018\/03\/mol8.jpg 800w, http:\/\/rovinjapartments.info\/wp-content\/uploads\/2018\/03\/mol8-300x225.jpg 300w, http:\/\/rovinjapartments.info\/wp-content\/uploads\/2018\/03\/mol8-768x576.jpg 768w, http:\/\/rovinjapartments.info\/wp-content\/uploads\/2018\/03\/mol8-540x405.jpg 540w\" sizes=\"(max-width: 800px) 100vw, 800px\" \t\tclass=\"so-widget-image\"\/>\n<\/div>\n\n<\/div><\/div><div id=\"panel-4872-4-0-1\" class=\"so-panel widget widget_sow-image panel-last-child\" data-index=\"12\" ><div class=\"so-widget-sow-image so-widget-sow-image-default-bd5cd9da0588\">\n\n<div class=\"sow-image-container\">\n\t<img src=\"http:\/\/rovinjapartments.info\/wp-content\/uploads\/2018\/03\/mol9.jpeg\" width=\"800\" height=\"600\" srcset=\"http:\/\/rovinjapartments.info\/wp-content\/uploads\/2018\/03\/mol9.jpeg 800w, http:\/\/rovinjapartments.info\/wp-content\/uploads\/2018\/03\/mol9-300x225.jpeg 300w, http:\/\/rovinjapartments.info\/wp-content\/uploads\/2018\/03\/mol9-768x576.jpeg 768w, http:\/\/rovinjapartments.info\/wp-content\/uploads\/2018\/03\/mol9-540x405.jpeg 540w\" sizes=\"(max-width: 800px) 100vw, 800px\" \t\tclass=\"so-widget-image\"\/>\n<\/div>\n\n<\/div><\/div><\/div><div id=\"pgc-4872-4-1\"  class=\"panel-grid-cell\" ><div id=\"panel-4872-4-1-0\" class=\"so-panel widget widget_sow-editor panel-first-child panel-last-child\" data-index=\"13\" ><div class=\"so-widget-sow-editor so-widget-sow-editor-base\">\n<div class=\"siteorigin-widget-tinymce textwidget\">\n\t<span style=\"font-weight: 400;\">Nasuprot restorana ima ulica u koju skrenete (vidi sliku) i nastavite ravno otprilike 30 metara. Sa lijeve strane vidjet \u0107ete tablu ELIM agencije. Nakon table skrenite lijevo i stigli ste do ELIM AGENCIJE!<\/span><\/div>\n<\/div><\/div><\/div><\/div><\/div><div id=\"pg-4872-5\"  class=\"panel-grid panel-has-style\" ><div class=\"siteorigin-panels-stretch panel-row-style panel-row-style-for-4872-5\" data-stretch-type=\"full\" ><div id=\"pgc-4872-5-0\"  class=\"panel-grid-cell\" ><div id=\"panel-4872-5-0-0\" class=\"so-panel widget widget_sow-image panel-first-child panel-last-child\" data-index=\"14\" ><div class=\"so-widget-sow-image so-widget-sow-image-default-bd5cd9da0588\">\n\n<div class=\"sow-image-container\">\n\t<img src=\"http:\/\/rovinjapartments.info\/wp-content\/uploads\/2018\/03\/mol10.png\" width=\"572\" height=\"441\" srcset=\"http:\/\/rovinjapartments.info\/wp-content\/uploads\/2018\/03\/mol10.png 572w, http:\/\/rovinjapartments.info\/wp-content\/uploads\/2018\/03\/mol10-300x231.png 300w, http:\/\/rovinjapartments.info\/wp-content\/uploads\/2018\/03\/mol10-540x416.png 540w\" sizes=\"(max-width: 572px) 100vw, 572px\" \t\tclass=\"so-widget-image\"\/>\n<\/div>\n\n<\/div><\/div><\/div><div id=\"pgc-4872-5-1\"  class=\"panel-grid-cell\" ><div id=\"panel-4872-5-1-0\" class=\"so-panel widget widget_sow-editor panel-first-child panel-last-child\" data-index=\"15\" ><div class=\"so-widget-sow-editor so-widget-sow-editor-base\">\n<div class=\"siteorigin-widget-tinymce textwidget\">\n\tAko ne mo\u017eete prona\u0107i na\u0161u agenciju ili se izgubili, nazovite nas na telefonske brojeve koje smo vam dali.<\/div>\n<\/div><\/div><\/div><\/div><\/div><\/div>","protected":false},"excerpt":{"rendered":"<p>Kada si\u0111ete s broda, idite prema kraju mola. Kada do\u0111ete do kraja mola, idite desno ulicom otprilike 30 metara (vidi sliku). Pro\u0107i \u0107ete pored restorana &#8220;Scuba&#8221; i &#8220;El.Ni.Ro.&#8221; sa va\u0161e lijeve strane. Odmah nakon restorana, vidjet \u0107ete Turisti\u010dku zajednicu Rovinja i restoran &#8220;Porta Antica&#8221; (vidi sliku). &nbsp; &nbsp; &nbsp; &nbsp; Prije restorana &#8220;Porta Antica&#8221; vidjet &hellip;<\/p>\n","protected":false},"author":1,"featured_media":0,"parent":4871,"menu_order":0,"comment_status":"closed","ping_status":"closed","template":"","meta":[],"_links":{"self":[{"href":"http:\/\/rovinjapartments.info\/hr\/wp-json\/wp\/v2\/pages\/4872"}],"collection":[{"href":"http:\/\/rovinjapartments.info\/hr\/wp-json\/wp\/v2\/pages"}],"about":[{"href":"http:\/\/rovinjapartments.info\/hr\/wp-json\/wp\/v2\/types\/page"}],"author":[{"embeddable":true,"href":"http:\/\/rovinjapartments.info\/hr\/wp-json\/wp\/v2\/users\/1"}],"replies":[{"embeddable":true,"href":"http:\/\/rovinjapartments.info\/hr\/wp-json\/wp\/v2\/comments?post=4872"}],"version-history":[{"count":14,"href":"http:\/\/rovinjapartments.info\/hr\/wp-json\/wp\/v2\/pages\/4872\/revisions"}],"predecessor-version":[{"id":4926,"href":"http:\/\/rovinjapartments.info\/hr\/wp-json\/wp\/v2\/pages\/4872\/revisions\/4926"}],"up":[{"embeddable":true,"href":"http:\/\/rovinjapartments.info\/hr\/wp-json\/wp\/v2\/pages\/4871"}],"wp:attachment":[{"href":"http:\/\/rovinjapartments.info\/hr\/wp-json\/wp\/v2\/media?parent=4872"}],"curies":[{"name":"wp","href":"https:\/\/api.w.org\/{rel}","templated":true}]}}