{"id":4873,"date":"2018-02-08T10:27:45","date_gmt":"2018-02-08T09:27:45","guid":{"rendered":"http:\/\/rovinjapartments.info\/how-to-find-us\/how-to-get-to-elim-agency-from-valdibora-parking\/"},"modified":"2021-06-26T16:50:49","modified_gmt":"2021-06-26T14:50:49","slug":"kako-doci-do-elim-agencije-s-parkiralista-valdibora","status":"publish","type":"page","link":"http:\/\/rovinjapartments.info\/hr\/kako-do-nas\/kako-doci-do-elim-agencije-s-parkiralista-valdibora\/","title":{"rendered":"KAKO DO\u0106I DO ELIM AGENCIJE S PARKIRALI\u0160TA VALDIBORA"},"content":{"rendered":"<div id=\"pl-4873\"  class=\"panel-layout\" ><div id=\"pg-4873-0\"  class=\"panel-grid panel-has-style\" ><div class=\"siteorigin-panels-stretch panel-row-style panel-row-style-for-4873-0\" data-stretch-type=\"full\" ><div id=\"pgc-4873-0-0\"  class=\"panel-grid-cell\" ><div id=\"panel-4873-0-0-0\" class=\"so-panel widget widget_sow-image panel-first-child panel-last-child\" data-index=\"0\" ><div class=\"so-widget-sow-image so-widget-sow-image-default-b37b538aacbf\">\n\n<div class=\"sow-image-container\">\n\t<img src=\"http:\/\/rovinjapartments.info\/wp-content\/uploads\/2018\/02\/how-to-reach-us-pier.jpg\" width=\"1200\" height=\"716\" srcset=\"http:\/\/rovinjapartments.info\/wp-content\/uploads\/2018\/02\/how-to-reach-us-pier.jpg 1200w, http:\/\/rovinjapartments.info\/wp-content\/uploads\/2018\/02\/how-to-reach-us-pier-300x179.jpg 300w, http:\/\/rovinjapartments.info\/wp-content\/uploads\/2018\/02\/how-to-reach-us-pier-768x458.jpg 768w, http:\/\/rovinjapartments.info\/wp-content\/uploads\/2018\/02\/how-to-reach-us-pier-1024x611.jpg 1024w, http:\/\/rovinjapartments.info\/wp-content\/uploads\/2018\/02\/how-to-reach-us-pier-540x322.jpg 540w\" sizes=\"(max-width: 1200px) 100vw, 1200px\" \t\tclass=\"so-widget-image\"\/>\n<\/div>\n\n<\/div><\/div><\/div><div id=\"pgc-4873-0-1\"  class=\"panel-grid-cell\" ><div id=\"panel-4873-0-1-0\" class=\"so-panel widget widget_sow-editor panel-first-child panel-last-child\" data-index=\"1\" ><div class=\"panel-widget-style panel-widget-style-for-4873-0-1-0\" ><div class=\"so-widget-sow-editor so-widget-sow-editor-base\">\n<div class=\"siteorigin-widget-tinymce textwidget\">\n\t<p>Vo\u017enjom prema Rovinju iz Rijeke ili Trsta kada pro\u0111ete znak \"Rovinj\" dolazite do kru\u017enog toka. Nastavite ravno te pro\u0111ite pored \"Eurotrade-a\" i benzinske postaje s lijeve strane. Nakon benzinske postaje dolazite do drugog kru\u017enog toka gdje ponovo nastavljate ravno. Vozite ravno naprijed prema tre\u0107em i \u010detvrtom kru\u017enom toku. Kada do\u0111ete do petog kru\u017enog toka vidjet \u0107ete prepreku (rampu). S lijeve strane vidjet \u0107ete kafi\u0107 E &amp; G Club i Finu. To je najbli\u017ea lokacija do koje mo\u017eete do\u0107i s automobilom do centra grada. Skrenite desno u parkirali\u0161te. Nakon \u0161to parkirate automobil, morate nastaviti pje\u0161ice (pogledajte fotografiju).<\/p>\n<\/div>\n<\/div><\/div><\/div><\/div><\/div><\/div><div id=\"pg-4873-1\"  class=\"panel-grid panel-has-style\" ><div class=\"siteorigin-panels-stretch panel-row-style panel-row-style-for-4873-1\" data-stretch-type=\"full\" ><div id=\"pgc-4873-1-0\"  class=\"panel-grid-cell\" ><div id=\"panel-4873-1-0-0\" class=\"so-panel widget widget_sow-image panel-first-child panel-last-child\" data-index=\"2\" ><div class=\"so-widget-sow-image so-widget-sow-image-default-bd5cd9da0588\">\n\n<div class=\"sow-image-container\">\n\t<img src=\"http:\/\/rovinjapartments.info\/wp-content\/uploads\/2021\/06\/graciano-scaled.jpg\" title=\"KAKO DO\u0106I DO ELIM AGENCIJE S PARKIRALI\u0160TA VALDIBORA\" \t\tclass=\"so-widget-image\"\/>\n<\/div>\n\n<\/div><\/div><\/div><div id=\"pgc-4873-1-1\"  class=\"panel-grid-cell\" ><div id=\"panel-4873-1-1-0\" class=\"so-panel widget widget_sow-editor panel-first-child panel-last-child\" data-index=\"3\" ><div class=\"panel-widget-style panel-widget-style-for-4873-1-1-0\" ><div class=\"so-widget-sow-editor so-widget-sow-editor-base\">\n<div class=\"siteorigin-widget-tinymce textwidget\">\n\t<p>Nastavite ravno iza obalne ceste. Nakon 100 metara pro\u0107i \u0107ete uz restoran Graciano na desnoj strani (pogledajte fotografiju).<\/p>\n<\/div>\n<\/div><\/div><\/div><\/div><\/div><\/div><div id=\"pg-4873-2\"  class=\"panel-grid panel-has-style\" ><div class=\"siteorigin-panels-stretch panel-row-style panel-row-style-for-4873-2\" data-stretch-type=\"full\" ><div id=\"pgc-4873-2-0\"  class=\"panel-grid-cell\" ><div id=\"panel-4873-2-0-0\" class=\"so-panel widget widget_sow-image panel-first-child panel-last-child\" data-index=\"4\" ><div class=\"so-widget-sow-image so-widget-sow-image-default-bd5cd9da0588\">\n\n<div class=\"sow-image-container\">\n\t<img src=\"http:\/\/rovinjapartments.info\/wp-content\/uploads\/2021\/06\/kruzni-kod-gandusia-scaled.jpg\" title=\"KAKO DO\u0106I DO ELIM AGENCIJE S PARKIRALI\u0160TA VALDIBORA\" \t\tclass=\"so-widget-image\"\/>\n<\/div>\n\n<\/div><\/div><\/div><div id=\"pgc-4873-2-1\"  class=\"panel-grid-cell\" ><div id=\"panel-4873-2-1-0\" class=\"so-panel widget widget_sow-editor panel-first-child panel-last-child\" data-index=\"5\" ><div class=\"so-widget-sow-editor so-widget-sow-editor-base\">\n<div class=\"siteorigin-widget-tinymce textwidget\">\n\tNastavite ravno (pro\u0107i \u0107ete pored restorana Galeb na lijevoj strani) dok ne do\u0111ete do kru\u017enog toka na kojemu je veliko stablo u sredini (vidi fotografiju).<\/div>\n<\/div><\/div><\/div><\/div><\/div><div id=\"pg-4873-3\"  class=\"panel-grid panel-has-style\" ><div class=\"siteorigin-panels-stretch panel-row-style panel-row-style-for-4873-3\" data-stretch-type=\"full\" ><div id=\"pgc-4873-3-0\"  class=\"panel-grid-cell\" ><div id=\"panel-4873-3-0-0\" class=\"so-panel widget widget_sow-image panel-first-child panel-last-child\" data-index=\"6\" ><div class=\"so-widget-sow-image so-widget-sow-image-default-bd5cd9da0588\">\n\n<div class=\"sow-image-container\">\n\t<img src=\"http:\/\/rovinjapartments.info\/wp-content\/uploads\/2018\/02\/open-market.jpg\" width=\"800\" height=\"600\" srcset=\"http:\/\/rovinjapartments.info\/wp-content\/uploads\/2018\/02\/open-market.jpg 800w, http:\/\/rovinjapartments.info\/wp-content\/uploads\/2018\/02\/open-market-300x225.jpg 300w, http:\/\/rovinjapartments.info\/wp-content\/uploads\/2018\/02\/open-market-768x576.jpg 768w, http:\/\/rovinjapartments.info\/wp-content\/uploads\/2018\/02\/open-market-540x405.jpg 540w\" sizes=\"(max-width: 800px) 100vw, 800px\" \t\tclass=\"so-widget-image\"\/>\n<\/div>\n\n<\/div><\/div><\/div><div id=\"pgc-4873-3-1\"  class=\"panel-grid-cell\" ><div id=\"panel-4873-3-1-0\" class=\"so-panel widget widget_sow-editor panel-first-child panel-last-child\" data-index=\"7\" ><div class=\"so-widget-sow-editor so-widget-sow-editor-base\">\n<div class=\"siteorigin-widget-tinymce textwidget\">\n\t<p>Iz kru\u017enog toka nastavite desno. Prolazite pored dje\u010djeg igrali\u0161ta na desnoj strani i dolazite ispred tr\u017enice.<\/p>\n<\/div>\n<\/div><\/div><\/div><\/div><\/div><div id=\"pg-4873-4\"  class=\"panel-grid panel-has-style\" ><div class=\"siteorigin-panels-stretch panel-row-style panel-row-style-for-4873-4\" data-stretch-type=\"full\" ><div id=\"pgc-4873-4-0\"  class=\"panel-grid-cell\" ><div id=\"panel-4873-4-0-0\" class=\"so-panel widget widget_sow-image panel-first-child panel-last-child\" data-index=\"8\" ><div class=\"so-widget-sow-image so-widget-sow-image-default-bd5cd9da0588\">\n\n<div class=\"sow-image-container\">\n\t<img src=\"http:\/\/rovinjapartments.info\/wp-content\/uploads\/2021\/06\/suvenir-shop-scaled.jpg\" title=\"KAKO DO\u0106I DO ELIM AGENCIJE S PARKIRALI\u0160TA VALDIBORA\" \t\tclass=\"so-widget-image\"\/>\n<\/div>\n\n<\/div><\/div><\/div><div id=\"pgc-4873-4-1\"  class=\"panel-grid-cell\" ><div id=\"panel-4873-4-1-0\" class=\"so-panel widget widget_sow-editor panel-first-child panel-last-child\" data-index=\"9\" ><div class=\"so-widget-sow-editor so-widget-sow-editor-base\">\n<div class=\"siteorigin-widget-tinymce textwidget\">\n\t<p>Od tr\u017enice idite lijevo nakon glavne ceste koja prolazi pored suvenirnice i trgovine odje\u0107om na desnoj strani (vidi fotografiju).<\/p>\n<\/div>\n<\/div><\/div><\/div><\/div><\/div><div id=\"pg-4873-5\"  class=\"panel-grid panel-has-style\" ><div class=\"siteorigin-panels-stretch panel-row-style panel-row-style-for-4873-5\" data-stretch-type=\"full\" ><div id=\"pgc-4873-5-0\"  class=\"panel-grid-cell\" ><div id=\"panel-4873-5-0-0\" class=\"so-panel widget widget_sow-image panel-first-child panel-last-child\" data-index=\"10\" ><div class=\"so-widget-sow-image so-widget-sow-image-default-bd5cd9da0588\">\n\n<div class=\"sow-image-container\">\n\t<img src=\"http:\/\/rovinjapartments.info\/wp-content\/uploads\/2019\/07\/IMG_9087.jpg\" title=\"KAKO DO\u0106I DO ELIM AGENCIJE S PARKIRALI\u0160TA VALDIBORA\" \t\tclass=\"so-widget-image\"\/>\n<\/div>\n\n<\/div><\/div><\/div><div id=\"pgc-4873-5-1\"  class=\"panel-grid-cell\" ><div id=\"panel-4873-5-1-0\" class=\"so-panel widget widget_sow-editor panel-first-child panel-last-child\" data-index=\"11\" ><div class=\"so-widget-sow-editor so-widget-sow-editor-base\">\n<div class=\"siteorigin-widget-tinymce textwidget\">\n\t<p>Odmah nakon trgovine odje\u0107om skrenite desno i krenite prema kamenim ulicama oko 30 metara.<\/p>\n<\/div>\n<\/div><\/div><\/div><\/div><\/div><div id=\"pg-4873-6\"  class=\"panel-grid panel-has-style\" ><div class=\"siteorigin-panels-stretch panel-row-style panel-row-style-for-4873-6\" data-stretch-type=\"full\" ><div id=\"pgc-4873-6-0\"  class=\"panel-grid-cell\" ><div id=\"panel-4873-6-0-0\" class=\"so-panel widget widget_sow-image panel-first-child panel-last-child\" data-index=\"12\" ><div class=\"so-widget-sow-image so-widget-sow-image-default-bd5cd9da0588\">\n\n<div class=\"sow-image-container\">\n\t<img src=\"http:\/\/rovinjapartments.info\/wp-content\/uploads\/2019\/07\/IMG_9088.jpg\" title=\"KAKO DO\u0106I DO ELIM AGENCIJE S PARKIRALI\u0160TA VALDIBORA\" \t\tclass=\"so-widget-image\"\/>\n<\/div>\n\n<\/div><\/div><\/div><div id=\"pgc-4873-6-1\"  class=\"panel-grid-cell\" ><div id=\"panel-4873-6-1-0\" class=\"so-panel widget widget_sow-editor panel-first-child panel-last-child\" data-index=\"13\" ><div class=\"so-widget-sow-editor so-widget-sow-editor-base\">\n<div class=\"siteorigin-widget-tinymce textwidget\">\n\t<p>Na kraju ulice skrenite desno. (vidi fotografiju)<\/p>\n<\/div>\n<\/div><\/div><\/div><\/div><\/div><div id=\"pg-4873-7\"  class=\"panel-grid panel-has-style\" ><div class=\"siteorigin-panels-stretch panel-row-style panel-row-style-for-4873-7\" data-stretch-type=\"full\" ><div id=\"pgc-4873-7-0\"  class=\"panel-grid-cell\" ><div id=\"panel-4873-7-0-0\" class=\"so-panel widget widget_sow-image panel-first-child panel-last-child\" data-index=\"14\" ><div class=\"so-widget-sow-image so-widget-sow-image-default-bd5cd9da0588\">\n\n<div class=\"sow-image-container\">\n\t<img src=\"http:\/\/rovinjapartments.info\/wp-content\/uploads\/2019\/07\/IMG_9089.jpg\" title=\"KAKO DO\u0106I DO ELIM AGENCIJE S PARKIRALI\u0160TA VALDIBORA\" \t\tclass=\"so-widget-image\"\/>\n<\/div>\n\n<\/div><\/div><\/div><div id=\"pgc-4873-7-1\"  class=\"panel-grid-cell\" ><div id=\"panel-4873-7-1-0\" class=\"so-panel widget widget_sow-editor panel-first-child panel-last-child\" data-index=\"15\" ><div class=\"so-widget-sow-editor so-widget-sow-editor-base\">\n<div class=\"siteorigin-widget-tinymce textwidget\">\n\t<p>Sada se nalazite na raskri\u017eju nekoliko ulica. S lijeve strane nalazi se kafi\u0107 Batel, a na desnoj strani imate 3 ulice. Idite gore prvom na lijevo ako gledate od Batela. (vidi fotografiju)<\/p>\n<\/div>\n<\/div><\/div><\/div><\/div><\/div><div id=\"pg-4873-8\"  class=\"panel-grid panel-has-style\" ><div class=\"siteorigin-panels-stretch panel-row-style panel-row-style-for-4873-8\" data-stretch-type=\"full\" ><div id=\"pgc-4873-8-0\"  class=\"panel-grid-cell\" ><div id=\"panel-4873-8-0-0\" class=\"so-panel widget widget_sow-image panel-first-child panel-last-child\" data-index=\"16\" ><div class=\"so-widget-sow-image so-widget-sow-image-default-bd5cd9da0588\">\n\n<div class=\"sow-image-container\">\n\t<img src=\"http:\/\/rovinjapartments.info\/wp-content\/uploads\/2019\/07\/IMG_9091-1-e1563434327595.jpg\" title=\"KAKO DO\u0106I DO ELIM AGENCIJE S PARKIRALI\u0160TA VALDIBORA\" \t\tclass=\"so-widget-image\"\/>\n<\/div>\n\n<\/div><\/div><\/div><div id=\"pgc-4873-8-1\"  class=\"panel-grid-cell\" ><div id=\"panel-4873-8-1-0\" class=\"so-panel widget widget_sow-editor panel-first-child panel-last-child\" data-index=\"17\" ><div class=\"so-widget-sow-editor so-widget-sow-editor-base\">\n<div class=\"siteorigin-widget-tinymce textwidget\">\n\t<p>Na uglu, s va\u0161e lijeve strane vidjet \u0107ete znak ELIM AGENCY, nastavite ravno. Kada do\u0111ete do znaka skrenite desno i idite ravno naprijed.<\/p>\n<\/div>\n<\/div><\/div><\/div><\/div><\/div><div id=\"pg-4873-9\"  class=\"panel-grid panel-has-style\" ><div class=\"siteorigin-panels-stretch panel-row-style panel-row-style-for-4873-9\" data-stretch-type=\"full\" ><div id=\"pgc-4873-9-0\"  class=\"panel-grid-cell\" ><div id=\"panel-4873-9-0-0\" class=\"so-panel widget widget_sow-image panel-first-child\" data-index=\"18\" ><div class=\"so-widget-sow-image so-widget-sow-image-default-bd5cd9da0588\">\n\n<div class=\"sow-image-container\">\n\t<img src=\"http:\/\/rovinjapartments.info\/wp-content\/uploads\/2021\/06\/prolaz-do-agencije-scaled.jpg\" title=\"KAKO DO\u0106I DO ELIM AGENCIJE S PARKIRALI\u0160TA VALDIBORA\" \t\tclass=\"so-widget-image\"\/>\n<\/div>\n\n<\/div><\/div><div id=\"panel-4873-9-0-1\" class=\"so-panel widget widget_sow-image panel-last-child\" data-index=\"19\" ><div class=\"so-widget-sow-image so-widget-sow-image-default-bd5cd9da0588\">\n\n<div class=\"sow-image-container\">\n\t<img src=\"http:\/\/rovinjapartments.info\/wp-content\/uploads\/2019\/07\/IMG_9097-1.jpg\" title=\"KAKO DO\u0106I DO ELIM AGENCIJE S PARKIRALI\u0160TA VALDIBORA\" \t\tclass=\"so-widget-image\"\/>\n<\/div>\n\n<\/div><\/div><\/div><div id=\"pgc-4873-9-1\"  class=\"panel-grid-cell\" ><div id=\"panel-4873-9-1-0\" class=\"so-panel widget widget_sow-editor panel-first-child panel-last-child\" data-index=\"20\" ><div class=\"so-widget-sow-editor so-widget-sow-editor-base\">\n<div class=\"siteorigin-widget-tinymce textwidget\">\n\t<p>Idite ovom ulicom ravno te nakon 10 metara skrenite lijevo u usku ulicu. Do\u0107i \u0107ete na mali trg i prva vrata na lijevoj strani jesu od ELIM agencije.<\/p>\n<\/div>\n<\/div><\/div><\/div><\/div><\/div><div id=\"pg-4873-10\"  class=\"panel-grid panel-has-style\" ><div class=\"siteorigin-panels-stretch panel-row-style panel-row-style-for-4873-10\" data-stretch-type=\"full\" ><div id=\"pgc-4873-10-0\"  class=\"panel-grid-cell\" ><div id=\"panel-4873-10-0-0\" class=\"so-panel widget widget_sow-image panel-first-child panel-last-child\" data-index=\"21\" ><div class=\"so-widget-sow-image so-widget-sow-image-default-bd5cd9da0588\">\n\n<div class=\"sow-image-container\">\n\t<img src=\"http:\/\/rovinjapartments.info\/wp-content\/uploads\/2018\/02\/karta-pier.jpg\" width=\"821\" height=\"509\" srcset=\"http:\/\/rovinjapartments.info\/wp-content\/uploads\/2018\/02\/karta-pier.jpg 821w, http:\/\/rovinjapartments.info\/wp-content\/uploads\/2018\/02\/karta-pier-300x186.jpg 300w, http:\/\/rovinjapartments.info\/wp-content\/uploads\/2018\/02\/karta-pier-768x476.jpg 768w, http:\/\/rovinjapartments.info\/wp-content\/uploads\/2018\/02\/karta-pier-540x335.jpg 540w\" sizes=\"(max-width: 821px) 100vw, 821px\" \t\tclass=\"so-widget-image\"\/>\n<\/div>\n\n<\/div><\/div><\/div><div id=\"pgc-4873-10-1\"  class=\"panel-grid-cell\" ><div id=\"panel-4873-10-1-0\" class=\"so-panel widget widget_sow-editor panel-first-child panel-last-child\" data-index=\"22\" ><div class=\"so-widget-sow-editor so-widget-sow-editor-base\">\n<div class=\"siteorigin-widget-tinymce textwidget\">\n\t<p>Ako ne mo\u017eete prona\u0107i na\u0161u agenciju ili ste se izgubili, nazovite nas na telefonske brojeve koje smo vam dali.<\/p>\n<\/div>\n<\/div><\/div><\/div><\/div><\/div><\/div>","protected":false},"excerpt":{"rendered":"<p>Vo\u017enjom prema Rovinju iz Rijeke ili Trsta kada pro\u0111ete znak &#8220;Rovinj&#8221; dolazite do kru\u017enog toka. Nastavite ravno te pro\u0111ite pored &#8220;Eurotrade-a&#8221; i benzinske postaje s lijeve strane. Nakon benzinske postaje dolazite do drugog kru\u017enog toka gdje ponovo nastavljate ravno. Vozite ravno naprijed prema tre\u0107em i \u010detvrtom kru\u017enom toku. Kada do\u0111ete do petog kru\u017enog toka vidjet &hellip;<\/p>\n","protected":false},"author":1,"featured_media":0,"parent":4871,"menu_order":0,"comment_status":"closed","ping_status":"closed","template":"","meta":[],"_links":{"self":[{"href":"http:\/\/rovinjapartments.info\/hr\/wp-json\/wp\/v2\/pages\/4873"}],"collection":[{"href":"http:\/\/rovinjapartments.info\/hr\/wp-json\/wp\/v2\/pages"}],"about":[{"href":"http:\/\/rovinjapartments.info\/hr\/wp-json\/wp\/v2\/types\/page"}],"author":[{"embeddable":true,"href":"http:\/\/rovinjapartments.info\/hr\/wp-json\/wp\/v2\/users\/1"}],"replies":[{"embeddable":true,"href":"http:\/\/rovinjapartments.info\/hr\/wp-json\/wp\/v2\/comments?post=4873"}],"version-history":[{"count":15,"href":"http:\/\/rovinjapartments.info\/hr\/wp-json\/wp\/v2\/pages\/4873\/revisions"}],"predecessor-version":[{"id":6873,"href":"http:\/\/rovinjapartments.info\/hr\/wp-json\/wp\/v2\/pages\/4873\/revisions\/6873"}],"up":[{"embeddable":true,"href":"http:\/\/rovinjapartments.info\/hr\/wp-json\/wp\/v2\/pages\/4871"}],"wp:attachment":[{"href":"http:\/\/rovinjapartments.info\/hr\/wp-json\/wp\/v2\/media?parent=4873"}],"curies":[{"name":"wp","href":"https:\/\/api.w.org\/{rel}","templated":true}]}}