{"id":4875,"date":"2018-02-08T10:29:12","date_gmt":"2018-02-08T09:29:12","guid":{"rendered":"http:\/\/rovinjapartments.info\/how-to-find-us\/how-to-get-to-the-elim-agency-from-the-bus-station\/"},"modified":"2024-04-10T18:10:24","modified_gmt":"2024-04-10T16:10:24","slug":"kako-doci-do-elim-agencije-s-autobusne-stanice","status":"publish","type":"page","link":"http:\/\/rovinjapartments.info\/hr\/kako-do-nas\/kako-doci-do-elim-agencije-s-autobusne-stanice\/","title":{"rendered":"KAKO DO\u0106I DO ELIM AGENCIJE S AUTOBUSNE STANICE"},"content":{"rendered":"<div id=\"pl-4875\"  class=\"panel-layout\" ><div id=\"pg-4875-0\"  class=\"panel-grid panel-has-style\" ><div class=\"siteorigin-panels-stretch panel-row-style panel-row-style-for-4875-0\" data-stretch-type=\"full\" ><div id=\"pgc-4875-0-0\"  class=\"panel-grid-cell\" ><div id=\"panel-4875-0-0-0\" class=\"so-panel widget widget_sow-image panel-first-child panel-last-child\" data-index=\"0\" ><div class=\"so-widget-sow-image so-widget-sow-image-default-b37b538aacbf\">\n\n<div class=\"sow-image-container\">\n\t<img src=\"http:\/\/rovinjapartments.info\/wp-content\/uploads\/2018\/02\/bus-station-how-to-reach-us.jpg\" width=\"1200\" height=\"705\" srcset=\"http:\/\/rovinjapartments.info\/wp-content\/uploads\/2018\/02\/bus-station-how-to-reach-us.jpg 1200w, http:\/\/rovinjapartments.info\/wp-content\/uploads\/2018\/02\/bus-station-how-to-reach-us-300x176.jpg 300w, http:\/\/rovinjapartments.info\/wp-content\/uploads\/2018\/02\/bus-station-how-to-reach-us-768x451.jpg 768w, http:\/\/rovinjapartments.info\/wp-content\/uploads\/2018\/02\/bus-station-how-to-reach-us-1024x602.jpg 1024w, http:\/\/rovinjapartments.info\/wp-content\/uploads\/2018\/02\/bus-station-how-to-reach-us-540x317.jpg 540w\" sizes=\"(max-width: 1200px) 100vw, 1200px\" \t\tclass=\"so-widget-image\"\/>\n<\/div>\n\n<\/div><\/div><\/div><div id=\"pgc-4875-0-1\"  class=\"panel-grid-cell\" ><div id=\"panel-4875-0-1-0\" class=\"so-panel widget widget_sow-editor panel-first-child panel-last-child\" data-index=\"1\" ><div class=\"panel-widget-style panel-widget-style-for-4875-0-1-0\" ><div class=\"so-widget-sow-editor so-widget-sow-editor-base\">\n<div class=\"siteorigin-widget-tinymce textwidget\">\n\t<h2 class=\"contentheading\"><\/h2>\n<p>Kada iza\u0111ete iz autobusa, idite desno prema Carera ulici (vidi fotografiju).<\/p>\n<\/div>\n<\/div><\/div><\/div><\/div><\/div><\/div><div id=\"pg-4875-1\"  class=\"panel-grid panel-has-style\" ><div class=\"siteorigin-panels-stretch panel-row-style panel-row-style-for-4875-1\" data-stretch-type=\"full\" ><div id=\"pgc-4875-1-0\"  class=\"panel-grid-cell\" ><div id=\"panel-4875-1-0-0\" class=\"so-panel widget widget_sow-image panel-first-child panel-last-child\" data-index=\"2\" ><div class=\"so-widget-sow-image so-widget-sow-image-default-bd5cd9da0588\">\n\n<div class=\"sow-image-container\">\n\t<img src=\"http:\/\/rovinjapartments.info\/wp-content\/uploads\/2019\/07\/IMG_9099.jpg\" width=\"640\" height=\"480\" srcset=\"http:\/\/rovinjapartments.info\/wp-content\/uploads\/2019\/07\/IMG_9099.jpg 640w, http:\/\/rovinjapartments.info\/wp-content\/uploads\/2019\/07\/IMG_9099-300x225.jpg 300w, http:\/\/rovinjapartments.info\/wp-content\/uploads\/2019\/07\/IMG_9099-540x405.jpg 540w\" sizes=\"(max-width: 640px) 100vw, 640px\" \t\tclass=\"so-widget-image\"\/>\n<\/div>\n\n<\/div><\/div><\/div><div id=\"pgc-4875-1-1\"  class=\"panel-grid-cell\" ><div id=\"panel-4875-1-1-0\" class=\"so-panel widget widget_sow-editor panel-first-child panel-last-child\" data-index=\"3\" ><div class=\"panel-widget-style panel-widget-style-for-4875-1-1-0\" ><div class=\"so-widget-sow-editor so-widget-sow-editor-base\">\n<div class=\"siteorigin-widget-tinymce textwidget\">\n\t<p>Nastavite Carera ulicom dok ne do\u0111ete do kraja (na kraju \u0107ete vidjeti dva stupa koja sprje\u010davaju promet vozilima).<br \/>\nNastavite malo naprijed. Na desnoj strani vidjet \u0107ete \"Turisti\u010dku zajednicu grada Rovinja\" i Muzej na lijevoj strani (crvena zgrada).<br \/>\n(vidi fotografiju)<\/p>\n<\/div>\n<\/div><\/div><\/div><\/div><\/div><\/div><div id=\"pg-4875-2\"  class=\"panel-grid panel-has-style\" ><div class=\"siteorigin-panels-stretch panel-row-style panel-row-style-for-4875-2\" data-stretch-type=\"full\" ><div id=\"pgc-4875-2-0\"  class=\"panel-grid-cell\" ><div id=\"panel-4875-2-0-0\" class=\"so-panel widget widget_sow-image panel-first-child panel-last-child\" data-index=\"4\" ><div class=\"so-widget-sow-image so-widget-sow-image-default-bd5cd9da0588\">\n\n<div class=\"sow-image-container\">\n\t<img src=\"http:\/\/rovinjapartments.info\/wp-content\/uploads\/2019\/07\/TZ-ROVINJ.jpeg\" width=\"4032\" height=\"3024\" srcset=\"http:\/\/rovinjapartments.info\/wp-content\/uploads\/2019\/07\/TZ-ROVINJ.jpeg 4032w, http:\/\/rovinjapartments.info\/wp-content\/uploads\/2019\/07\/TZ-ROVINJ-300x225.jpeg 300w, http:\/\/rovinjapartments.info\/wp-content\/uploads\/2019\/07\/TZ-ROVINJ-768x576.jpeg 768w, http:\/\/rovinjapartments.info\/wp-content\/uploads\/2019\/07\/TZ-ROVINJ-1024x768.jpeg 1024w, http:\/\/rovinjapartments.info\/wp-content\/uploads\/2019\/07\/TZ-ROVINJ-540x405.jpeg 540w\" sizes=\"(max-width: 4032px) 100vw, 4032px\" title=\"TZ ROVINJ\" \t\tclass=\"so-widget-image\"\/>\n<\/div>\n\n<\/div><\/div><\/div><div id=\"pgc-4875-2-1\"  class=\"panel-grid-cell\" ><div id=\"panel-4875-2-1-0\" class=\"so-panel widget widget_sow-editor panel-first-child panel-last-child\" data-index=\"5\" ><div class=\"so-widget-sow-editor so-widget-sow-editor-base\">\n<div class=\"siteorigin-widget-tinymce textwidget\">\n\t<p>Pro\u0111ite Turisti\u010dku zajednicu grada Rovinja.<\/p>\n<\/div>\n<\/div><\/div><\/div><\/div><\/div><div id=\"pg-4875-3\"  class=\"panel-grid panel-has-style\" ><div class=\"siteorigin-panels-stretch panel-row-style panel-row-style-for-4875-3\" data-stretch-type=\"full\" ><div id=\"pgc-4875-3-0\"  class=\"panel-grid-cell\" ><div id=\"panel-4875-3-0-0\" class=\"so-panel widget widget_sow-image panel-first-child panel-last-child\" data-index=\"6\" ><div class=\"so-widget-sow-image so-widget-sow-image-default-bd5cd9da0588\">\n\n<div class=\"sow-image-container\">\n\t<img src=\"http:\/\/rovinjapartments.info\/wp-content\/uploads\/2019\/07\/IMG_9086-1.jpg\" width=\"640\" height=\"480\" srcset=\"http:\/\/rovinjapartments.info\/wp-content\/uploads\/2019\/07\/IMG_9086-1.jpg 640w, http:\/\/rovinjapartments.info\/wp-content\/uploads\/2019\/07\/IMG_9086-1-300x225.jpg 300w, http:\/\/rovinjapartments.info\/wp-content\/uploads\/2019\/07\/IMG_9086-1-540x405.jpg 540w\" sizes=\"(max-width: 640px) 100vw, 640px\" title=\"IMG_9086 (1)\" \t\tclass=\"so-widget-image\"\/>\n<\/div>\n\n<\/div><\/div><\/div><div id=\"pgc-4875-3-1\"  class=\"panel-grid-cell\" ><div id=\"panel-4875-3-1-0\" class=\"so-panel widget widget_sow-editor panel-first-child panel-last-child\" data-index=\"7\" ><div class=\"so-widget-sow-editor so-widget-sow-editor-base\">\n<div class=\"siteorigin-widget-tinymce textwidget\">\n\t<p>Nakon Turisti\u010dke zajednice skrenite desno te nastavite ravno.<\/p>\n<\/div>\n<\/div><\/div><\/div><\/div><\/div><div id=\"pg-4875-4\"  class=\"panel-grid panel-has-style\" ><div class=\"siteorigin-panels-stretch panel-row-style panel-row-style-for-4875-4\" data-stretch-type=\"full\" ><div id=\"pgc-4875-4-0\"  class=\"panel-grid-cell\" ><div id=\"panel-4875-4-0-0\" class=\"so-panel widget widget_sow-image panel-first-child panel-last-child\" data-index=\"8\" ><div class=\"so-widget-sow-image so-widget-sow-image-default-bd5cd9da0588\">\n\n<div class=\"sow-image-container\">\n\t<img src=\"http:\/\/rovinjapartments.info\/wp-content\/uploads\/2018\/02\/ribarnica.jpg\" width=\"1200\" height=\"900\" srcset=\"http:\/\/rovinjapartments.info\/wp-content\/uploads\/2018\/02\/ribarnica.jpg 1200w, http:\/\/rovinjapartments.info\/wp-content\/uploads\/2018\/02\/ribarnica-300x225.jpg 300w, http:\/\/rovinjapartments.info\/wp-content\/uploads\/2018\/02\/ribarnica-768x576.jpg 768w, http:\/\/rovinjapartments.info\/wp-content\/uploads\/2018\/02\/ribarnica-1024x768.jpg 1024w, http:\/\/rovinjapartments.info\/wp-content\/uploads\/2018\/02\/ribarnica-540x405.jpg 540w\" sizes=\"(max-width: 1200px) 100vw, 1200px\" \t\tclass=\"so-widget-image\"\/>\n<\/div>\n\n<\/div><\/div><\/div><div id=\"pgc-4875-4-1\"  class=\"panel-grid-cell\" ><div id=\"panel-4875-4-1-0\" class=\"so-panel widget widget_sow-editor panel-first-child panel-last-child\" data-index=\"9\" ><div class=\"so-widget-sow-editor so-widget-sow-editor-base\">\n<div class=\"siteorigin-widget-tinymce textwidget\">\n\t<p>Sada ste na Garibaldi ulici. Slijedite cestu oko 30 metara i do\u0107i \u0107ete ispred zgrade<br \/>\ns natpisom RIBARNICA &amp; PESCHERIA (vidi fotografiju).<\/p>\n<\/div>\n<\/div><\/div><\/div><\/div><\/div><div id=\"pg-4875-5\"  class=\"panel-grid panel-has-style\" ><div class=\"siteorigin-panels-stretch panel-row-style panel-row-style-for-4875-5\" data-stretch-type=\"full\" ><div id=\"pgc-4875-5-0\"  class=\"panel-grid-cell\" ><div id=\"panel-4875-5-0-0\" class=\"so-panel widget widget_sow-image panel-first-child panel-last-child\" data-index=\"10\" ><div class=\"so-widget-sow-image so-widget-sow-image-default-bd5cd9da0588\">\n\n<div class=\"sow-image-container\">\n\t<img src=\"http:\/\/rovinjapartments.info\/wp-content\/uploads\/2019\/07\/IMG_9087.jpg\" width=\"402\" height=\"640\" srcset=\"http:\/\/rovinjapartments.info\/wp-content\/uploads\/2019\/07\/IMG_9087.jpg 402w, http:\/\/rovinjapartments.info\/wp-content\/uploads\/2019\/07\/IMG_9087-188x300.jpg 188w, http:\/\/rovinjapartments.info\/wp-content\/uploads\/2019\/07\/IMG_9087-339x540.jpg 339w\" sizes=\"(max-width: 402px) 100vw, 402px\" \t\tclass=\"so-widget-image\"\/>\n<\/div>\n\n<\/div><\/div><\/div><div id=\"pgc-4875-5-1\"  class=\"panel-grid-cell\" ><div id=\"panel-4875-5-1-0\" class=\"so-panel widget widget_sow-editor panel-first-child panel-last-child\" data-index=\"11\" ><div class=\"so-widget-sow-editor so-widget-sow-editor-base\">\n<div class=\"siteorigin-widget-tinymce textwidget\">\n\t<p>Skrenite lijevo i idite kamenitom ulicom oko 30 metara (vidi fotografiju).<\/p>\n<\/div>\n<\/div><\/div><\/div><\/div><\/div><div id=\"pg-4875-6\"  class=\"panel-grid panel-has-style\" ><div class=\"siteorigin-panels-stretch panel-row-style panel-row-style-for-4875-6\" data-stretch-type=\"full\" ><div id=\"pgc-4875-6-0\"  class=\"panel-grid-cell\" ><div id=\"panel-4875-6-0-0\" class=\"so-panel widget widget_sow-image panel-first-child panel-last-child\" data-index=\"12\" ><div class=\"so-widget-sow-image so-widget-sow-image-default-bd5cd9da0588\">\n\n<div class=\"sow-image-container\">\n\t<img src=\"http:\/\/rovinjapartments.info\/wp-content\/uploads\/2019\/07\/IMG_9088.jpg\" width=\"480\" height=\"640\" srcset=\"http:\/\/rovinjapartments.info\/wp-content\/uploads\/2019\/07\/IMG_9088.jpg 480w, http:\/\/rovinjapartments.info\/wp-content\/uploads\/2019\/07\/IMG_9088-225x300.jpg 225w, http:\/\/rovinjapartments.info\/wp-content\/uploads\/2019\/07\/IMG_9088-405x540.jpg 405w\" sizes=\"(max-width: 480px) 100vw, 480px\" \t\tclass=\"so-widget-image\"\/>\n<\/div>\n\n<\/div><\/div><\/div><div id=\"pgc-4875-6-1\"  class=\"panel-grid-cell\" ><div id=\"panel-4875-6-1-0\" class=\"so-panel widget widget_sow-editor panel-first-child panel-last-child\" data-index=\"13\" ><div class=\"so-widget-sow-editor so-widget-sow-editor-base\">\n<div class=\"siteorigin-widget-tinymce textwidget\">\n\t<p>Na kraju ulice skrenite desno.<\/p>\n<\/div>\n<\/div><\/div><\/div><\/div><\/div><div id=\"pg-4875-7\"  class=\"panel-grid panel-has-style\" ><div class=\"siteorigin-panels-stretch panel-row-style panel-row-style-for-4875-7\" data-stretch-type=\"full\" ><div id=\"pgc-4875-7-0\"  class=\"panel-grid-cell\" ><div id=\"panel-4875-7-0-0\" class=\"so-panel widget widget_sow-image panel-first-child panel-last-child\" data-index=\"14\" ><div class=\"so-widget-sow-image so-widget-sow-image-default-bd5cd9da0588\">\n\n<div class=\"sow-image-container\">\n\t<img src=\"http:\/\/rovinjapartments.info\/wp-content\/uploads\/2019\/07\/IMG_9089.jpg\" width=\"480\" height=\"640\" srcset=\"http:\/\/rovinjapartments.info\/wp-content\/uploads\/2019\/07\/IMG_9089.jpg 480w, http:\/\/rovinjapartments.info\/wp-content\/uploads\/2019\/07\/IMG_9089-225x300.jpg 225w, http:\/\/rovinjapartments.info\/wp-content\/uploads\/2019\/07\/IMG_9089-405x540.jpg 405w\" sizes=\"(max-width: 480px) 100vw, 480px\" \t\tclass=\"so-widget-image\"\/>\n<\/div>\n\n<\/div><\/div><\/div><div id=\"pgc-4875-7-1\"  class=\"panel-grid-cell\" ><div id=\"panel-4875-7-1-0\" class=\"so-panel widget widget_sow-editor panel-first-child panel-last-child\" data-index=\"15\" ><div class=\"so-widget-sow-editor so-widget-sow-editor-base\">\n<div class=\"siteorigin-widget-tinymce textwidget\">\n\t<p>Sada ste na raskri\u017eju nekoliko ulica.<br \/>\nIza vas se nalazi cafe bar Batel, a ispred vas se ra\u010dvaju tri ulice. Idite prvom ulicom na lijevo.<br \/>\n(vidi fotografiju)<\/p>\n<\/div>\n<\/div><\/div><\/div><\/div><\/div><div id=\"pg-4875-8\"  class=\"panel-grid panel-has-style\" ><div class=\"siteorigin-panels-stretch panel-row-style panel-row-style-for-4875-8\" data-stretch-type=\"full\" ><div id=\"pgc-4875-8-0\"  class=\"panel-grid-cell\" ><div id=\"panel-4875-8-0-0\" class=\"so-panel widget widget_sow-image panel-first-child panel-last-child\" data-index=\"16\" ><div class=\"so-widget-sow-image so-widget-sow-image-default-bd5cd9da0588\">\n\n<div class=\"sow-image-container\">\n\t<img src=\"http:\/\/rovinjapartments.info\/wp-content\/uploads\/2019\/07\/IMG_9091-1-e1563434327595.jpg\" width=\"480\" height=\"640\" srcset=\"http:\/\/rovinjapartments.info\/wp-content\/uploads\/2019\/07\/IMG_9091-1-e1563434327595.jpg 480w, http:\/\/rovinjapartments.info\/wp-content\/uploads\/2019\/07\/IMG_9091-1-e1563434327595-225x300.jpg 225w, http:\/\/rovinjapartments.info\/wp-content\/uploads\/2019\/07\/IMG_9091-1-e1563434327595-405x540.jpg 405w\" sizes=\"(max-width: 480px) 100vw, 480px\" title=\"IMG_9091\" \t\tclass=\"so-widget-image\"\/>\n<\/div>\n\n<\/div><\/div><\/div><div id=\"pgc-4875-8-1\"  class=\"panel-grid-cell\" ><div id=\"panel-4875-8-1-0\" class=\"so-panel widget widget_sow-editor panel-first-child panel-last-child\" data-index=\"17\" ><div class=\"so-widget-sow-editor so-widget-sow-editor-base\">\n<div class=\"siteorigin-widget-tinymce textwidget\">\n\t<p>Na uglu, s va\u0161e lijeve strane vidjet \u0107ete natpis ELIM AGENCY, nastavite ravno do natpisa. Kada do\u0111ete do natpisa skrenite desno.<\/p>\n<p>&nbsp;<\/p>\n<p>&nbsp;<\/p>\n<\/div>\n<\/div><\/div><\/div><\/div><\/div><div id=\"pg-4875-9\"  class=\"panel-grid panel-has-style\" ><div class=\"siteorigin-panels-stretch panel-row-style panel-row-style-for-4875-9\" data-stretch-type=\"full\" ><div id=\"pgc-4875-9-0\"  class=\"panel-grid-cell\" ><div id=\"panel-4875-9-0-0\" class=\"so-panel widget widget_sow-image panel-first-child panel-last-child\" data-index=\"18\" ><div class=\"so-widget-sow-image so-widget-sow-image-default-bd5cd9da0588\">\n\n<div class=\"sow-image-container\">\n\t<img src=\"http:\/\/rovinjapartments.info\/wp-content\/uploads\/2019\/07\/IMG_9092-1.jpg\" width=\"480\" height=\"640\" srcset=\"http:\/\/rovinjapartments.info\/wp-content\/uploads\/2019\/07\/IMG_9092-1.jpg 480w, http:\/\/rovinjapartments.info\/wp-content\/uploads\/2019\/07\/IMG_9092-1-225x300.jpg 225w, http:\/\/rovinjapartments.info\/wp-content\/uploads\/2019\/07\/IMG_9092-1-405x540.jpg 405w\" sizes=\"(max-width: 480px) 100vw, 480px\" title=\"IMG_9092 (1)\" \t\tclass=\"so-widget-image\"\/>\n<\/div>\n\n<\/div><\/div><\/div><div id=\"pgc-4875-9-1\"  class=\"panel-grid-cell\" ><div id=\"panel-4875-9-1-0\" class=\"so-panel widget widget_sow-editor panel-first-child panel-last-child\" data-index=\"19\" ><div class=\"so-widget-sow-editor so-widget-sow-editor-base\">\n<div class=\"siteorigin-widget-tinymce textwidget\">\n\t<p>Slijedite uli\u010dicu te skrenite lijevo.<br \/>\n(vidi fotografiju)<\/p>\n<\/div>\n<\/div><\/div><\/div><\/div><\/div><div id=\"pg-4875-10\"  class=\"panel-grid panel-has-style\" ><div class=\"siteorigin-panels-stretch panel-row-style panel-row-style-for-4875-10\" data-stretch-type=\"full\" ><div id=\"pgc-4875-10-0\"  class=\"panel-grid-cell\" ><div id=\"panel-4875-10-0-0\" class=\"so-panel widget widget_sow-image panel-first-child panel-last-child\" data-index=\"20\" ><div class=\"so-widget-sow-image so-widget-sow-image-default-bd5cd9da0588\">\n\n<div class=\"sow-image-container\">\n\t<img src=\"http:\/\/rovinjapartments.info\/wp-content\/uploads\/2019\/07\/IMG_9097-1.jpg\" width=\"640\" height=\"480\" srcset=\"http:\/\/rovinjapartments.info\/wp-content\/uploads\/2019\/07\/IMG_9097-1.jpg 640w, http:\/\/rovinjapartments.info\/wp-content\/uploads\/2019\/07\/IMG_9097-1-300x225.jpg 300w, http:\/\/rovinjapartments.info\/wp-content\/uploads\/2019\/07\/IMG_9097-1-540x405.jpg 540w\" sizes=\"(max-width: 640px) 100vw, 640px\" title=\"IMG_9097 (1)\" \t\tclass=\"so-widget-image\"\/>\n<\/div>\n\n<\/div><\/div><\/div><div id=\"pgc-4875-10-1\"  class=\"panel-grid-cell\" ><div id=\"panel-4875-10-1-0\" class=\"so-panel widget widget_sow-editor panel-first-child panel-last-child\" data-index=\"21\" ><div class=\"so-widget-sow-editor so-widget-sow-editor-base\">\n<div class=\"siteorigin-widget-tinymce textwidget\">\n\t<p>Prva vrata na lijevoj strani je ulaz u ELIM agenciju. Dobrodo\u0161li!<br \/>\n(vidi fotografiju)<\/p>\n<\/div>\n<\/div><\/div><\/div><\/div><\/div><div id=\"pg-4875-11\"  class=\"panel-grid panel-has-style\" ><div class=\"siteorigin-panels-stretch panel-row-style panel-row-style-for-4875-11\" data-stretch-type=\"full\" ><div id=\"pgc-4875-11-0\"  class=\"panel-grid-cell\" ><div id=\"panel-4875-11-0-0\" class=\"so-panel widget widget_sow-image panel-first-child panel-last-child\" data-index=\"22\" ><div class=\"so-widget-sow-image so-widget-sow-image-default-bd5cd9da0588\">\n\n<div class=\"sow-image-container\">\n\t<img src=\"http:\/\/rovinjapartments.info\/wp-content\/uploads\/2019\/07\/NOVI-UPLOAD-TZ1.png\" width=\"1007\" height=\"488\" srcset=\"http:\/\/rovinjapartments.info\/wp-content\/uploads\/2019\/07\/NOVI-UPLOAD-TZ1.png 1007w, http:\/\/rovinjapartments.info\/wp-content\/uploads\/2019\/07\/NOVI-UPLOAD-TZ1-300x145.png 300w, http:\/\/rovinjapartments.info\/wp-content\/uploads\/2019\/07\/NOVI-UPLOAD-TZ1-768x372.png 768w, http:\/\/rovinjapartments.info\/wp-content\/uploads\/2019\/07\/NOVI-UPLOAD-TZ1-540x262.png 540w\" sizes=\"(max-width: 1007px) 100vw, 1007px\" title=\"NOVI UPLOAD TZ1\" \t\tclass=\"so-widget-image\"\/>\n<\/div>\n\n<\/div><\/div><\/div><div id=\"pgc-4875-11-1\"  class=\"panel-grid-cell\" ><div id=\"panel-4875-11-1-0\" class=\"so-panel widget widget_sow-editor panel-first-child panel-last-child\" data-index=\"23\" ><div class=\"so-widget-sow-editor so-widget-sow-editor-base\">\n<div class=\"siteorigin-widget-tinymce textwidget\">\n\t<p>Ako ne mo\u017eete prona\u0107i na\u0161u agenciju ili ste se izgubili, nazovite nas na telefonske brojeve koje smo vam dali.<\/p>\n<\/div>\n<\/div><\/div><\/div><\/div><\/div><\/div>","protected":false},"excerpt":{"rendered":"<p>Kada iza\u0111ete iz autobusa, idite desno prema Carera ulici (vidi fotografiju). Nastavite Carera ulicom dok ne do\u0111ete do kraja (na kraju \u0107ete vidjeti dva stupa koja sprje\u010davaju promet vozilima). Nastavite malo naprijed. Na desnoj strani vidjet \u0107ete &#8220;Turisti\u010dku zajednicu grada Rovinja&#8221; i Muzej na lijevoj strani (crvena zgrada). (vidi fotografiju) Pro\u0111ite Turisti\u010dku zajednicu grada Rovinja. &hellip;<\/p>\n","protected":false},"author":1,"featured_media":0,"parent":4871,"menu_order":0,"comment_status":"closed","ping_status":"closed","template":"","meta":[],"_links":{"self":[{"href":"http:\/\/rovinjapartments.info\/hr\/wp-json\/wp\/v2\/pages\/4875"}],"collection":[{"href":"http:\/\/rovinjapartments.info\/hr\/wp-json\/wp\/v2\/pages"}],"about":[{"href":"http:\/\/rovinjapartments.info\/hr\/wp-json\/wp\/v2\/types\/page"}],"author":[{"embeddable":true,"href":"http:\/\/rovinjapartments.info\/hr\/wp-json\/wp\/v2\/users\/1"}],"replies":[{"embeddable":true,"href":"http:\/\/rovinjapartments.info\/hr\/wp-json\/wp\/v2\/comments?post=4875"}],"version-history":[{"count":13,"href":"http:\/\/rovinjapartments.info\/hr\/wp-json\/wp\/v2\/pages\/4875\/revisions"}],"predecessor-version":[{"id":7434,"href":"http:\/\/rovinjapartments.info\/hr\/wp-json\/wp\/v2\/pages\/4875\/revisions\/7434"}],"up":[{"embeddable":true,"href":"http:\/\/rovinjapartments.info\/hr\/wp-json\/wp\/v2\/pages\/4871"}],"wp:attachment":[{"href":"http:\/\/rovinjapartments.info\/hr\/wp-json\/wp\/v2\/media?parent=4875"}],"curies":[{"name":"wp","href":"https:\/\/api.w.org\/{rel}","templated":true}]}}