{"id":4871,"date":"2018-02-07T11:26:06","date_gmt":"2018-02-07T10:26:06","guid":{"rendered":"http:\/\/rovinjapartments.info\/how-to-find-us\/"},"modified":"2018-03-12T16:09:25","modified_gmt":"2018-03-12T15:09:25","slug":"kako-do-nas","status":"publish","type":"page","link":"https:\/\/rovinjapartments.info\/hr\/kako-do-nas\/","title":{"rendered":"Kako do nas"},"content":{"rendered":"<div id=\"pl-4871\"  class=\"panel-layout\" ><div id=\"pg-4871-0\"  class=\"panel-grid panel-has-style\" ><div class=\"siteorigin-panels-stretch panel-row-style panel-row-style-for-4871-0\" data-stretch-type=\"full\" ><div id=\"pgc-4871-0-0\"  class=\"panel-grid-cell\" ><div id=\"panel-4871-0-0-0\" class=\"so-panel widget widget_sow-image panel-first-child panel-last-child\" data-index=\"0\" ><div class=\"so-widget-sow-image so-widget-sow-image-default-bd5cd9da0588\">\n\n<div class=\"sow-image-container\">\n\t<img src=\"https:\/\/rovinjapartments.info\/wp-content\/uploads\/2018\/02\/valdibora-pakring-1.jpg\" width=\"640\" height=\"400\" srcset=\"https:\/\/rovinjapartments.info\/wp-content\/uploads\/2018\/02\/valdibora-pakring-1.jpg 640w, https:\/\/rovinjapartments.info\/wp-content\/uploads\/2018\/02\/valdibora-pakring-1-300x188.jpg 300w, https:\/\/rovinjapartments.info\/wp-content\/uploads\/2018\/02\/valdibora-pakring-1-540x338.jpg 540w\" sizes=\"(max-width: 640px) 100vw, 640px\" title=\"valdibora-pakring\" \t\tclass=\"so-widget-image\"\/>\n<\/div>\n\n<\/div><\/div><\/div><div id=\"pgc-4871-0-1\"  class=\"panel-grid-cell\" ><div id=\"panel-4871-0-1-0\" class=\"so-panel widget widget_sow-editor panel-first-child\" data-index=\"1\" ><div class=\"panel-widget-style panel-widget-style-for-4871-0-1-0\" ><div class=\"so-widget-sow-editor so-widget-sow-editor-base\">\n<div class=\"siteorigin-widget-tinymce textwidget\">\n\t<h1>OD PARKINGA VALDIBORA<\/h1>\nVo\u017enjom prema Rovinju iz Rijeke ili Trsta kada pro\u0111ete znak \"Rovinj\" dolazite do kru\u017enog toka. Ovdje idete ravno. Idete dalje \"Eurotrade\" i benzinske postaje s lijeve strane. Nakon benzinske postaje dolazite do drugog kru\u017enog toka gdje idete opet ravno.<\/div>\n<\/div><\/div><\/div><div id=\"panel-4871-0-1-1\" class=\"so-panel widget widget_sow-button panel-last-child\" data-index=\"2\" ><div class=\"so-widget-sow-button so-widget-sow-button-wire-8c92dc2c3e15\"><div class=\"ow-button-base ow-button-align-left\">\n\t<a href=\"https:\/\/rovinjapartments.info\/hr\/kako-do-nas\/kako-doci-do-elim-agencije-s-parkiralista-valdibora\/\" class=\"ow-icon-placement-left ow-button-hover\" \t\t>\n\t\t<span>\n\t\t\t\n\t\t\tSAZNAJ VI\u0160E\t\t<\/span>\n\t<\/a>\n<\/div>\n<\/div><\/div><\/div><\/div><\/div><div id=\"pg-4871-1\"  class=\"panel-grid panel-has-style\" ><div class=\"siteorigin-panels-stretch panel-row-style panel-row-style-for-4871-1\" data-stretch-type=\"full\" ><div id=\"pgc-4871-1-0\"  class=\"panel-grid-cell\" ><div id=\"panel-4871-1-0-0\" class=\"so-panel widget widget_sow-editor panel-first-child\" data-index=\"3\" ><div class=\"so-widget-sow-editor so-widget-sow-editor-base\">\n<div class=\"siteorigin-widget-tinymce textwidget\">\n\t<h1><span style=\"color: #ffffff;\">OD AUTOBUSNE STANICE<\/span><\/h1>\n<span style=\"color: #ffffff;\">Kada iza\u0111ete iz autobusa, idite desno prema ulici Carera. Idite Carera ulicom dok ne do\u0111ete do kraja (na kraju \u0107ete vidjeti dva stupa podignuta iz zemlje koja sprije\u010dava promet automobila). <\/span><\/div>\n<\/div><\/div><div id=\"panel-4871-1-0-1\" class=\"so-panel widget widget_sow-button panel-last-child\" data-index=\"4\" ><div class=\"so-widget-sow-button so-widget-sow-button-wire-9f4b9e555ea5\"><div class=\"ow-button-base ow-button-align-left\">\n\t<a href=\"https:\/\/rovinjapartments.info\/hr\/kako-do-nas\/kako-doci-do-elim-agencije-s-autobusne-stanice\/\" class=\"ow-icon-placement-left ow-button-hover\" \t\t>\n\t\t<span>\n\t\t\t\n\t\t\tSAZNAJ VI\u0160E\t\t<\/span>\n\t<\/a>\n<\/div>\n<\/div><\/div><\/div><div id=\"pgc-4871-1-1\"  class=\"panel-grid-cell\" ><div id=\"panel-4871-1-1-0\" class=\"so-panel widget widget_sow-image panel-first-child panel-last-child\" data-index=\"5\" ><div class=\"so-widget-sow-image so-widget-sow-image-default-bd5cd9da0588\">\n\n<div class=\"sow-image-container\">\n\t<img src=\"https:\/\/rovinjapartments.info\/wp-content\/uploads\/2018\/02\/bus-station-how-to-reach-us.jpg\" width=\"1200\" height=\"705\" srcset=\"https:\/\/rovinjapartments.info\/wp-content\/uploads\/2018\/02\/bus-station-how-to-reach-us.jpg 1200w, https:\/\/rovinjapartments.info\/wp-content\/uploads\/2018\/02\/bus-station-how-to-reach-us-300x176.jpg 300w, https:\/\/rovinjapartments.info\/wp-content\/uploads\/2018\/02\/bus-station-how-to-reach-us-768x451.jpg 768w, https:\/\/rovinjapartments.info\/wp-content\/uploads\/2018\/02\/bus-station-how-to-reach-us-1024x602.jpg 1024w, https:\/\/rovinjapartments.info\/wp-content\/uploads\/2018\/02\/bus-station-how-to-reach-us-540x317.jpg 540w\" sizes=\"(max-width: 1200px) 100vw, 1200px\" \t\tclass=\"so-widget-image\"\/>\n<\/div>\n\n<\/div><\/div><\/div><\/div><\/div><div id=\"pg-4871-2\"  class=\"panel-grid panel-has-style\" ><div class=\"siteorigin-panels-stretch panel-row-style panel-row-style-for-4871-2\" data-stretch-type=\"full\" ><div id=\"pgc-4871-2-0\"  class=\"panel-grid-cell\" ><div id=\"panel-4871-2-0-0\" class=\"so-panel widget widget_sow-image panel-first-child panel-last-child\" data-index=\"6\" ><div class=\"so-widget-sow-image so-widget-sow-image-default-b37b538aacbf\">\n\n<div class=\"sow-image-container\">\n\t<img src=\"https:\/\/rovinjapartments.info\/wp-content\/uploads\/2018\/02\/how-to-reach-us-pier.jpg\" width=\"1200\" height=\"716\" srcset=\"https:\/\/rovinjapartments.info\/wp-content\/uploads\/2018\/02\/how-to-reach-us-pier.jpg 1200w, https:\/\/rovinjapartments.info\/wp-content\/uploads\/2018\/02\/how-to-reach-us-pier-300x179.jpg 300w, https:\/\/rovinjapartments.info\/wp-content\/uploads\/2018\/02\/how-to-reach-us-pier-768x458.jpg 768w, https:\/\/rovinjapartments.info\/wp-content\/uploads\/2018\/02\/how-to-reach-us-pier-1024x611.jpg 1024w, https:\/\/rovinjapartments.info\/wp-content\/uploads\/2018\/02\/how-to-reach-us-pier-540x322.jpg 540w\" sizes=\"(max-width: 1200px) 100vw, 1200px\" \t\tclass=\"so-widget-image\"\/>\n<\/div>\n\n<\/div><\/div><\/div><div id=\"pgc-4871-2-1\"  class=\"panel-grid-cell\" ><div id=\"panel-4871-2-1-0\" class=\"so-panel widget widget_sow-editor panel-first-child\" data-index=\"7\" ><div class=\"panel-widget-style panel-widget-style-for-4871-2-1-0\" ><div class=\"so-widget-sow-editor so-widget-sow-editor-base\">\n<div class=\"siteorigin-widget-tinymce textwidget\">\n\t<h1 class=\"contentheading\">OD PRISTANI\u0160TA<\/h1>\nKada iza\u0111ete s broda, slijedite obalu do starog grada Rovinja. S desne strane vidjet \u0107ete veliki parking u blizini mora, a na lijevoj strani kru\u017eno mjesto i kafi\u0107 Casablanca. Nastavite pje\u0161ice nakon uli\u010dice uz obalu.<\/div>\n<\/div><\/div><\/div><div id=\"panel-4871-2-1-1\" class=\"so-panel widget widget_sow-button panel-last-child\" data-index=\"8\" ><div class=\"so-widget-sow-button so-widget-sow-button-wire-8c92dc2c3e15\"><div class=\"ow-button-base ow-button-align-left\">\n\t<a href=\"https:\/\/rovinjapartments.info\/hr\/kako-do-nas\/kako-doci-do-elim-agencije-od-velikog-mola\/\" class=\"ow-icon-placement-left ow-button-hover\" \t\t>\n\t\t<span>\n\t\t\t\n\t\t\tSAZNAJ VI\u0160E\t\t<\/span>\n\t<\/a>\n<\/div>\n<\/div><\/div><\/div><\/div><\/div><\/div>","protected":false},"excerpt":{"rendered":"<p>OD PARKINGA VALDIBORA Vo\u017enjom prema Rovinju iz Rijeke ili Trsta kada pro\u0111ete znak &#8220;Rovinj&#8221; dolazite do kru\u017enog toka. Ovdje idete ravno. Idete dalje &#8220;Eurotrade&#8221; i benzinske postaje s lijeve strane. Nakon benzinske postaje dolazite do drugog kru\u017enog toka gdje idete opet ravno. SAZNAJ VI\u0160E OD AUTOBUSNE STANICE Kada iza\u0111ete iz autobusa, idite desno prema ulici &hellip;<\/p>\n","protected":false},"author":1,"featured_media":0,"parent":0,"menu_order":0,"comment_status":"closed","ping_status":"closed","template":"","meta":[],"_links":{"self":[{"href":"https:\/\/rovinjapartments.info\/hr\/wp-json\/wp\/v2\/pages\/4871"}],"collection":[{"href":"https:\/\/rovinjapartments.info\/hr\/wp-json\/wp\/v2\/pages"}],"about":[{"href":"https:\/\/rovinjapartments.info\/hr\/wp-json\/wp\/v2\/types\/page"}],"author":[{"embeddable":true,"href":"https:\/\/rovinjapartments.info\/hr\/wp-json\/wp\/v2\/users\/1"}],"replies":[{"embeddable":true,"href":"https:\/\/rovinjapartments.info\/hr\/wp-json\/wp\/v2\/comments?post=4871"}],"version-history":[{"count":10,"href":"https:\/\/rovinjapartments.info\/hr\/wp-json\/wp\/v2\/pages\/4871\/revisions"}],"predecessor-version":[{"id":4885,"href":"https:\/\/rovinjapartments.info\/hr\/wp-json\/wp\/v2\/pages\/4871\/revisions\/4885"}],"wp:attachment":[{"href":"https:\/\/rovinjapartments.info\/hr\/wp-json\/wp\/v2\/media?parent=4871"}],"curies":[{"name":"wp","href":"https:\/\/api.w.org\/{rel}","templated":true}]}}